{"id":54858,"date":"2023-07-05T14:48:23","date_gmt":"2023-07-05T12:48:23","guid":{"rendered":"https:\/\/www.bertplantagie.com\/projects-carve\/"},"modified":"2023-07-05T14:48:23","modified_gmt":"2023-07-05T12:48:23","slug":"projects-carve","status":"publish","type":"page","link":"https:\/\/www.bertplantagie.com\/de\/projects-carve\/","title":{"rendered":"Projects Carve"},"content":{"rendered":"\t\t<div data-elementor-type=\"wp-page\" data-elementor-id=\"54858\" class=\"elementor elementor-54858 elementor-54637\" data-elementor-post-type=\"page\">\n\t\t\t\t\t\t<section class=\"elementor-section elementor-top-section elementor-element elementor-element-62d8811 elementor-section-boxed elementor-section-height-default elementor-section-height-default\" data-id=\"62d8811\" data-element_type=\"section\">\n\t\t\t\t\t\t<div class=\"elementor-container elementor-column-gap-default\">\n\t\t\t\t\t<div class=\"elementor-column elementor-col-100 elementor-top-column elementor-element elementor-element-d8768ea\" data-id=\"d8768ea\" data-element_type=\"column\">\n\t\t\t<div class=\"elementor-widget-wrap elementor-element-populated\">\n\t\t\t\t\t\t<div class=\"elementor-element elementor-element-0901849 elementor-widget elementor-widget-spacer\" data-id=\"0901849\" data-element_type=\"widget\" data-widget_type=\"spacer.default\">\n\t\t\t\t<div class=\"elementor-widget-container\">\n\t\t\t\t\t\t\t<div class=\"elementor-spacer\">\n\t\t\t<div class=\"elementor-spacer-inner\"><\/div>\n\t\t<\/div>\n\t\t\t\t\t\t<\/div>\n\t\t\t\t<\/div>\n\t\t\t\t\t<\/div>\n\t\t<\/div>\n\t\t\t\t\t<\/div>\n\t\t<\/section>\n\t\t\t\t<section class=\"elementor-section elementor-top-section elementor-element elementor-element-a0afb08 elementor-section-boxed elementor-section-height-default elementor-section-height-default\" data-id=\"a0afb08\" data-element_type=\"section\">\n\t\t\t\t\t\t<div class=\"elementor-container elementor-column-gap-default\">\n\t\t\t\t\t<div class=\"elementor-column elementor-col-50 elementor-top-column elementor-element elementor-element-89651f1\" data-id=\"89651f1\" data-element_type=\"column\">\n\t\t\t<div class=\"elementor-widget-wrap elementor-element-populated\">\n\t\t\t\t\t\t<div class=\"elementor-element elementor-element-0709ed4 elementor-widget elementor-widget-heading\" data-id=\"0709ed4\" data-element_type=\"widget\" data-widget_type=\"heading.default\">\n\t\t\t\t<div class=\"elementor-widget-container\">\n\t\t\t\t\t<h2 class=\"elementor-heading-title elementor-size-default\">carve\n<\/h2>\t\t\t\t<\/div>\n\t\t\t\t<\/div>\n\t\t\t\t<div class=\"elementor-element elementor-element-a36da83 elementor-widget elementor-widget-spacer\" data-id=\"a36da83\" data-element_type=\"widget\" data-widget_type=\"spacer.default\">\n\t\t\t\t<div class=\"elementor-widget-container\">\n\t\t\t\t\t\t\t<div class=\"elementor-spacer\">\n\t\t\t<div class=\"elementor-spacer-inner\"><\/div>\n\t\t<\/div>\n\t\t\t\t\t\t<\/div>\n\t\t\t\t<\/div>\n\t\t\t\t<div class=\"elementor-element elementor-element-62e358a elementor-widget elementor-widget-text-editor\" data-id=\"62e358a\" data-element_type=\"widget\" data-widget_type=\"text-editor.default\">\n\t\t\t\t<div class=\"elementor-widget-container\">\n\t\t\t\t\t\t\t\t\t<h5>Table<\/h5><p>wood or Dekton<\/p><p><br \/>square<br \/><span style=\"font-family: Mulish;font-size: 16px;font-weight: 300;letter-spacing: 0.2px\">90x90x77 cm<br \/><\/span>100x100x77 cm<br \/><span style=\"font-family: Mulish;font-size: 16px;font-style: normal;font-weight: 300;letter-spacing: 0.2px\">110x110x77 cm<br \/><br \/><\/span>round<br \/><span style=\"font-family: Mulish;font-size: 16px;font-weight: 300;letter-spacing: 0.2px\">\u00d890&#215;77 cm<br \/><\/span>\u00d8100&#215;77 cm<br \/><span style=\"font-family: Mulish;font-size: 16px;font-style: normal;font-weight: 300;letter-spacing: 0.2px\">\u00d8110&#215;77 cm<\/span><\/p><p><span style=\"font-family: Mulish;font-size: 16px;font-style: normal;font-weight: 300;letter-spacing: 0.2px\">\u00a0<\/span><\/p>\t\t\t\t\t\t\t\t<\/div>\n\t\t\t\t<\/div>\n\t\t\t\t\t<\/div>\n\t\t<\/div>\n\t\t\t\t<div class=\"elementor-column elementor-col-50 elementor-top-column elementor-element elementor-element-8ee1e85\" data-id=\"8ee1e85\" data-element_type=\"column\">\n\t\t\t<div class=\"elementor-widget-wrap elementor-element-populated\">\n\t\t\t\t\t\t<section class=\"elementor-section elementor-inner-section elementor-element elementor-element-c6079bf elementor-section-boxed elementor-section-height-default elementor-section-height-default\" data-id=\"c6079bf\" data-element_type=\"section\">\n\t\t\t\t\t\t<div class=\"elementor-container elementor-column-gap-default\">\n\t\t\t\t\t<div class=\"elementor-column elementor-col-100 elementor-inner-column elementor-element elementor-element-b03f08a\" data-id=\"b03f08a\" data-element_type=\"column\">\n\t\t\t<div class=\"elementor-widget-wrap elementor-element-populated\">\n\t\t\t\t\t\t<div class=\"elementor-element elementor-element-f975b08 elementor-widget elementor-widget-image\" data-id=\"f975b08\" data-element_type=\"widget\" data-widget_type=\"image.default\">\n\t\t\t\t<div class=\"elementor-widget-container\">\n\t\t\t\t\t\t\t\t\t\t\t\t\t\t\t<img fetchpriority=\"high\" decoding=\"async\" width=\"1024\" height=\"768\" src=\"https:\/\/www.bertplantagie.com\/wp-content\/uploads\/2023\/07\/CARVE_small-1-1024x768.jpg\" class=\"attachment-large size-large wp-image-54347\" alt=\"\" srcset=\"https:\/\/www.bertplantagie.com\/wp-content\/uploads\/2023\/07\/CARVE_small-1-1024x768.jpg 1024w, https:\/\/www.bertplantagie.com\/wp-content\/uploads\/2023\/07\/CARVE_small-1-300x225.jpg 300w, https:\/\/www.bertplantagie.com\/wp-content\/uploads\/2023\/07\/CARVE_small-1-768x576.jpg 768w, https:\/\/www.bertplantagie.com\/wp-content\/uploads\/2023\/07\/CARVE_small-1-1536x1152.jpg 1536w, https:\/\/www.bertplantagie.com\/wp-content\/uploads\/2023\/07\/CARVE_small-1-427x320.jpg 427w, https:\/\/www.bertplantagie.com\/wp-content\/uploads\/2023\/07\/CARVE_small-1.jpg 1600w\" sizes=\"(max-width: 1024px) 100vw, 1024px\" \/>\t\t\t\t\t\t\t\t\t\t\t\t\t\t\t<\/div>\n\t\t\t\t<\/div>\n\t\t\t\t\t<\/div>\n\t\t<\/div>\n\t\t\t\t\t<\/div>\n\t\t<\/section>\n\t\t\t\t\t<\/div>\n\t\t<\/div>\n\t\t\t\t\t<\/div>\n\t\t<\/section>\n\t\t\t\t<section class=\"elementor-section elementor-top-section elementor-element elementor-element-be78134 elementor-section-boxed elementor-section-height-default elementor-section-height-default\" data-id=\"be78134\" data-element_type=\"section\">\n\t\t\t\t\t\t<div class=\"elementor-container elementor-column-gap-default\">\n\t\t\t\t\t<div class=\"elementor-column elementor-col-100 elementor-top-column elementor-element elementor-element-db6b9d7\" data-id=\"db6b9d7\" data-element_type=\"column\">\n\t\t\t<div class=\"elementor-widget-wrap elementor-element-populated\">\n\t\t\t\t\t\t<section class=\"elementor-section elementor-inner-section elementor-element elementor-element-6ac2b40 elementor-section-boxed elementor-section-height-default elementor-section-height-default\" data-id=\"6ac2b40\" data-element_type=\"section\">\n\t\t\t\t\t\t<div class=\"elementor-container elementor-column-gap-default\">\n\t\t\t\t\t<div class=\"elementor-column elementor-col-33 elementor-inner-column elementor-element elementor-element-a24dc2f\" data-id=\"a24dc2f\" data-element_type=\"column\">\n\t\t\t<div class=\"elementor-widget-wrap elementor-element-populated\">\n\t\t\t\t\t\t<div class=\"elementor-element elementor-element-a67c4f9 elementor-widget elementor-widget-image\" data-id=\"a67c4f9\" data-element_type=\"widget\" data-widget_type=\"image.default\">\n\t\t\t\t<div class=\"elementor-widget-container\">\n\t\t\t\t\t\t\t\t\t\t\t\t\t\t\t<img decoding=\"async\" width=\"1024\" height=\"768\" data-src=\"https:\/\/www.bertplantagie.com\/wp-content\/uploads\/2023\/07\/CARVE_vierkant_poot_klein-2-1-1024x768.jpg\" class=\"attachment-large size-large wp-image-54641 lazyload\" alt=\"\" data-srcset=\"https:\/\/www.bertplantagie.com\/wp-content\/uploads\/2023\/07\/CARVE_vierkant_poot_klein-2-1-1024x768.jpg 1024w, https:\/\/www.bertplantagie.com\/wp-content\/uploads\/2023\/07\/CARVE_vierkant_poot_klein-2-1-300x225.jpg 300w, https:\/\/www.bertplantagie.com\/wp-content\/uploads\/2023\/07\/CARVE_vierkant_poot_klein-2-1-768x576.jpg 768w, https:\/\/www.bertplantagie.com\/wp-content\/uploads\/2023\/07\/CARVE_vierkant_poot_klein-2-1-1536x1152.jpg 1536w, https:\/\/www.bertplantagie.com\/wp-content\/uploads\/2023\/07\/CARVE_vierkant_poot_klein-2-1-427x320.jpg 427w, https:\/\/www.bertplantagie.com\/wp-content\/uploads\/2023\/07\/CARVE_vierkant_poot_klein-2-1.jpg 1600w\" data-sizes=\"(max-width: 1024px) 100vw, 1024px\" src=\"data:image\/svg+xml;base64,PHN2ZyB3aWR0aD0iMSIgaGVpZ2h0PSIxIiB4bWxucz0iaHR0cDovL3d3dy53My5vcmcvMjAwMC9zdmciPjwvc3ZnPg==\" style=\"--smush-placeholder-width: 1024px; --smush-placeholder-aspect-ratio: 1024\/768;\" \/>\t\t\t\t\t\t\t\t\t\t\t\t\t\t\t<\/div>\n\t\t\t\t<\/div>\n\t\t\t\t\t<\/div>\n\t\t<\/div>\n\t\t\t\t<div class=\"elementor-column elementor-col-33 elementor-inner-column elementor-element elementor-element-dbf7e6b\" data-id=\"dbf7e6b\" data-element_type=\"column\">\n\t\t\t<div class=\"elementor-widget-wrap elementor-element-populated\">\n\t\t\t\t\t\t<div class=\"elementor-element elementor-element-39311a8 elementor-widget elementor-widget-image\" data-id=\"39311a8\" data-element_type=\"widget\" data-widget_type=\"image.default\">\n\t\t\t\t<div class=\"elementor-widget-container\">\n\t\t\t\t\t\t\t\t\t\t\t\t\t\t\t<img decoding=\"async\" width=\"1024\" height=\"768\" data-src=\"https:\/\/www.bertplantagie.com\/wp-content\/uploads\/2023\/07\/DV__6558-1024x768.jpg\" class=\"attachment-large size-large wp-image-54697 lazyload\" alt=\"\" data-srcset=\"https:\/\/www.bertplantagie.com\/wp-content\/uploads\/2023\/07\/DV__6558-1024x768.jpg 1024w, https:\/\/www.bertplantagie.com\/wp-content\/uploads\/2023\/07\/DV__6558-300x225.jpg 300w, https:\/\/www.bertplantagie.com\/wp-content\/uploads\/2023\/07\/DV__6558-768x576.jpg 768w, https:\/\/www.bertplantagie.com\/wp-content\/uploads\/2023\/07\/DV__6558-1536x1152.jpg 1536w, https:\/\/www.bertplantagie.com\/wp-content\/uploads\/2023\/07\/DV__6558-427x320.jpg 427w, https:\/\/www.bertplantagie.com\/wp-content\/uploads\/2023\/07\/DV__6558.jpg 1600w\" data-sizes=\"(max-width: 1024px) 100vw, 1024px\" src=\"data:image\/svg+xml;base64,PHN2ZyB3aWR0aD0iMSIgaGVpZ2h0PSIxIiB4bWxucz0iaHR0cDovL3d3dy53My5vcmcvMjAwMC9zdmciPjwvc3ZnPg==\" style=\"--smush-placeholder-width: 1024px; --smush-placeholder-aspect-ratio: 1024\/768;\" \/>\t\t\t\t\t\t\t\t\t\t\t\t\t\t\t<\/div>\n\t\t\t\t<\/div>\n\t\t\t\t\t<\/div>\n\t\t<\/div>\n\t\t\t\t<div class=\"elementor-column elementor-col-33 elementor-inner-column elementor-element elementor-element-3dce325\" data-id=\"3dce325\" data-element_type=\"column\">\n\t\t\t<div class=\"elementor-widget-wrap elementor-element-populated\">\n\t\t\t\t\t\t<div class=\"elementor-element elementor-element-3c57f0d elementor-widget elementor-widget-image\" data-id=\"3c57f0d\" data-element_type=\"widget\" data-widget_type=\"image.default\">\n\t\t\t\t<div class=\"elementor-widget-container\">\n\t\t\t\t\t\t\t\t\t\t\t\t\t\t\t<img decoding=\"async\" width=\"1024\" height=\"768\" data-src=\"https:\/\/www.bertplantagie.com\/wp-content\/uploads\/2023\/07\/DV__6511_b-1024x768.jpg\" class=\"attachment-large size-large wp-image-54694 lazyload\" alt=\"\" data-srcset=\"https:\/\/www.bertplantagie.com\/wp-content\/uploads\/2023\/07\/DV__6511_b-1024x768.jpg 1024w, https:\/\/www.bertplantagie.com\/wp-content\/uploads\/2023\/07\/DV__6511_b-300x225.jpg 300w, https:\/\/www.bertplantagie.com\/wp-content\/uploads\/2023\/07\/DV__6511_b-768x576.jpg 768w, https:\/\/www.bertplantagie.com\/wp-content\/uploads\/2023\/07\/DV__6511_b-1536x1152.jpg 1536w, https:\/\/www.bertplantagie.com\/wp-content\/uploads\/2023\/07\/DV__6511_b-427x320.jpg 427w, https:\/\/www.bertplantagie.com\/wp-content\/uploads\/2023\/07\/DV__6511_b.jpg 1600w\" data-sizes=\"(max-width: 1024px) 100vw, 1024px\" src=\"data:image\/svg+xml;base64,PHN2ZyB3aWR0aD0iMSIgaGVpZ2h0PSIxIiB4bWxucz0iaHR0cDovL3d3dy53My5vcmcvMjAwMC9zdmciPjwvc3ZnPg==\" style=\"--smush-placeholder-width: 1024px; --smush-placeholder-aspect-ratio: 1024\/768;\" \/>\t\t\t\t\t\t\t\t\t\t\t\t\t\t\t<\/div>\n\t\t\t\t<\/div>\n\t\t\t\t\t<\/div>\n\t\t<\/div>\n\t\t\t\t\t<\/div>\n\t\t<\/section>\n\t\t\t\t<div class=\"elementor-element elementor-element-46fe7b5 elementor-widget elementor-widget-button\" data-id=\"46fe7b5\" data-element_type=\"widget\" data-widget_type=\"button.default\">\n\t\t\t\t<div class=\"elementor-widget-container\">\n\t\t\t\t\t\t\t\t\t<div class=\"elementor-button-wrapper\">\n\t\t\t\t\t<a class=\"elementor-button elementor-button-link elementor-size-sm\" href=\"\/en\/projects\">\n\t\t\t\t\t\t<span class=\"elementor-button-content-wrapper\">\n\t\t\t\t\t\t\t\t\t<span class=\"elementor-button-text\">Back<\/span>\n\t\t\t\t\t<\/span>\n\t\t\t\t\t<\/a>\n\t\t\t\t<\/div>\n\t\t\t\t\t\t\t\t<\/div>\n\t\t\t\t<\/div>\n\t\t\t\t\t<\/div>\n\t\t<\/div>\n\t\t\t\t\t<\/div>\n\t\t<\/section>\n\t\t\t\t<\/div>\n\t\t","protected":false},"excerpt":{"rendered":"<p>carve Table wood or Dekton square90x90x77 cm100x100x77 cm110x110x77 cm round\u00d890&#215;77 cm\u00d8100&#215;77 cm\u00d8110&#215;77 cm \u00a0 Back<\/p>\n","protected":false},"author":2,"featured_media":0,"parent":0,"menu_order":0,"comment_status":"closed","ping_status":"closed","template":"","meta":{"_acf_changed":false,"footnotes":""},"class_list":["post-54858","page","type-page","status-publish","hentry"],"acf":[],"_links":{"self":[{"href":"https:\/\/www.bertplantagie.com\/de\/wp-json\/wp\/v2\/pages\/54858","targetHints":{"allow":["GET"]}}],"collection":[{"href":"https:\/\/www.bertplantagie.com\/de\/wp-json\/wp\/v2\/pages"}],"about":[{"href":"https:\/\/www.bertplantagie.com\/de\/wp-json\/wp\/v2\/types\/page"}],"author":[{"embeddable":true,"href":"https:\/\/www.bertplantagie.com\/de\/wp-json\/wp\/v2\/users\/2"}],"replies":[{"embeddable":true,"href":"https:\/\/www.bertplantagie.com\/de\/wp-json\/wp\/v2\/comments?post=54858"}],"version-history":[{"count":0,"href":"https:\/\/www.bertplantagie.com\/de\/wp-json\/wp\/v2\/pages\/54858\/revisions"}],"wp:attachment":[{"href":"https:\/\/www.bertplantagie.com\/de\/wp-json\/wp\/v2\/media?parent=54858"}],"curies":[{"name":"wp","href":"https:\/\/api.w.org\/{rel}","templated":true}]}}