{"id":51172,"date":"2022-08-24T16:20:46","date_gmt":"2022-08-24T14:20:46","guid":{"rendered":"https:\/\/www.bertplantagie.com\/?page_id=51172"},"modified":"2025-11-24T09:43:37","modified_gmt":"2025-11-24T08:43:37","slug":"pflege","status":"publish","type":"page","link":"https:\/\/www.bertplantagie.com\/de\/pflege\/","title":{"rendered":"Pflege"},"content":{"rendered":"\t\t<div data-elementor-type=\"wp-page\" data-elementor-id=\"51172\" class=\"elementor elementor-51172 elementor-51151\" data-elementor-post-type=\"page\">\n\t\t\t\t\t\t<section class=\"elementor-section elementor-top-section elementor-element elementor-element-3fb1a36 elementor-section-boxed elementor-section-height-default elementor-section-height-default\" data-id=\"3fb1a36\" data-element_type=\"section\">\n\t\t\t\t\t\t<div class=\"elementor-container elementor-column-gap-no\">\n\t\t\t\t\t<div class=\"elementor-column elementor-col-100 elementor-top-column elementor-element elementor-element-49246a3\" data-id=\"49246a3\" data-element_type=\"column\">\n\t\t\t<div class=\"elementor-widget-wrap elementor-element-populated\">\n\t\t\t\t\t\t<div class=\"elementor-element elementor-element-21f90d9 elementor-widget elementor-widget-text-editor\" data-id=\"21f90d9\" data-element_type=\"widget\" data-widget_type=\"text-editor.default\">\n\t\t\t\t<div class=\"elementor-widget-container\">\n\t\t\t\t\t\t\t\t\t<h2 class=\"vc_custom_heading title\">Pflege Leder und stoff<\/h2><p>Wir arbeiten mit LCK Deutschland f\u00fcr <strong>Pflegeberatung<\/strong> und <strong>Pflegeprodukte<\/strong> aus <strong>Leder<\/strong> und <strong>Stoff<\/strong> zusammen.<\/p><p>Gemeinsam mit LCK sorgen wir daf\u00fcr, dass Sie weiterhin Freude an Ihren sch\u00f6nen Designm\u00f6beln haben.<\/p><p>F\u00fcr Pflegemittel f\u00fcr andere Materialien verweisen wir auf unseren regul\u00e4ren <strong><a href=\"https:\/\/shop.bertplantagie.com\/de\/\" target=\"_blank\" rel=\"noopener\">Serviceshop<\/a><\/strong>.<\/p>\t\t\t\t\t\t\t\t<\/div>\n\t\t\t\t<\/div>\n\t\t\t\t<div class=\"elementor-element elementor-element-06b53a0 elementor-widget elementor-widget-button\" data-id=\"06b53a0\" data-element_type=\"widget\" data-widget_type=\"button.default\">\n\t\t\t\t<div class=\"elementor-widget-container\">\n\t\t\t\t\t\t\t\t\t<div class=\"elementor-button-wrapper\">\n\t\t\t\t\t<a class=\"elementor-button elementor-button-link elementor-size-sm\" href=\"https:\/\/www.bertplantagie-careproducts.com\/de_DE\/\" target=\"_blank\">\n\t\t\t\t\t\t<span class=\"elementor-button-content-wrapper\">\n\t\t\t\t\t\t\t\t\t<span class=\"elementor-button-text\">Pflege Leder und Stoff<\/span>\n\t\t\t\t\t<\/span>\n\t\t\t\t\t<\/a>\n\t\t\t\t<\/div>\n\t\t\t\t\t\t\t\t<\/div>\n\t\t\t\t<\/div>\n\t\t\t\t\t<\/div>\n\t\t<\/div>\n\t\t\t\t\t<\/div>\n\t\t<\/section>\n\t\t\t\t<section class=\"elementor-section elementor-top-section elementor-element elementor-element-f9faaf6 elementor-section-boxed elementor-section-height-default elementor-section-height-default\" data-id=\"f9faaf6\" data-element_type=\"section\">\n\t\t\t\t\t\t<div class=\"elementor-container elementor-column-gap-no\">\n\t\t\t\t\t<div class=\"elementor-column elementor-col-100 elementor-top-column elementor-element elementor-element-1496abb\" data-id=\"1496abb\" data-element_type=\"column\">\n\t\t\t<div class=\"elementor-widget-wrap elementor-element-populated\">\n\t\t\t\t\t\t<div class=\"elementor-element elementor-element-227b939 elementor-widget elementor-widget-text-editor\" data-id=\"227b939\" data-element_type=\"widget\" data-widget_type=\"text-editor.default\">\n\t\t\t\t<div class=\"elementor-widget-container\">\n\t\t\t\t\t\t\t\t\t<h2 class=\"vc_custom_heading title\">GARANTIE UND GEBRAUCHSANWEISUNG<\/h2><p>Ihre M\u00f6bel haben unsere Werkstatt in einem qualit\u00e4tsgepr\u00fcften Zustand verlassen. Was k\u00f6nnen Sie tun, wenn doch etwas mal nicht ganz Ihren Vorstellungen entsprechen sollte? Oder, wie k\u00f6nnen Sie daf\u00fcr sorgen, dass Sie so lange wie m\u00f6glich Freude an Ihren M\u00f6beln haben? Antworten und n\u00fctzliche Tipps finden Sie auf unserer Website.<\/p>\t\t\t\t\t\t\t\t<\/div>\n\t\t\t\t<\/div>\n\t\t\t\t<div class=\"elementor-element elementor-element-1c56d85 elementor-widget elementor-widget-button\" data-id=\"1c56d85\" data-element_type=\"widget\" data-widget_type=\"button.default\">\n\t\t\t\t<div class=\"elementor-widget-container\">\n\t\t\t\t\t\t\t\t\t<div class=\"elementor-button-wrapper\">\n\t\t\t\t\t<a class=\"elementor-button elementor-button-link elementor-size-sm\" href=\"http:\/\/www.bertplantagie.com\/wp-content\/uploads\/sites\/2\/2025\/03\/BP_gebruikershandleiding_NL-DE-EN_25.pdf\" target=\"_blank\">\n\t\t\t\t\t\t<span class=\"elementor-button-content-wrapper\">\n\t\t\t\t\t\t\t\t\t<span class=\"elementor-button-text\">Klicken Sie hier f\u00fcr die Gebrauchs- und Pflegeanleitung<\/span>\n\t\t\t\t\t<\/span>\n\t\t\t\t\t<\/a>\n\t\t\t\t<\/div>\n\t\t\t\t\t\t\t\t<\/div>\n\t\t\t\t<\/div>\n\t\t\t\t\t<\/div>\n\t\t<\/div>\n\t\t\t\t\t<\/div>\n\t\t<\/section>\n\t\t\t\t<section class=\"elementor-section elementor-top-section elementor-element elementor-element-8a83cc3 elementor-section-boxed elementor-section-height-default elementor-section-height-default\" data-id=\"8a83cc3\" data-element_type=\"section\">\n\t\t\t\t\t\t<div class=\"elementor-container elementor-column-gap-no\">\n\t\t\t\t\t<div class=\"elementor-column elementor-col-100 elementor-top-column elementor-element elementor-element-575f934\" data-id=\"575f934\" data-element_type=\"column\">\n\t\t\t<div class=\"elementor-widget-wrap elementor-element-populated\">\n\t\t\t\t\t\t<div class=\"elementor-element elementor-element-ccb5d22 elementor-widget elementor-widget-text-editor\" data-id=\"ccb5d22\" data-element_type=\"widget\" data-widget_type=\"text-editor.default\">\n\t\t\t\t<div class=\"elementor-widget-container\">\n\t\t\t\t\t\t\t\t\t<h2 class=\"vc_custom_heading title\">How to<\/h2><p>Sie k\u00f6nnen M\u00f6bel selbst pflegen und auffrischen. Um Ihnen zu zeigen, wie das geht, haben wir eine Reihe von Videos aufgenommen. Hier finden Sie einen Schritt-f\u00fcr-Schritt-Plan.<br \/><br \/>Haben Sie eine Frage zu einem anderen Pflegethema? Sie k\u00f6nnen uns gerne eine E-Mail schicken.<\/p>\t\t\t\t\t\t\t\t<\/div>\n\t\t\t\t<\/div>\n\t\t\t\t<section class=\"elementor-section elementor-inner-section elementor-element elementor-element-4b93b9a elementor-section-boxed elementor-section-height-default elementor-section-height-default\" data-id=\"4b93b9a\" data-element_type=\"section\">\n\t\t\t\t\t\t<div class=\"elementor-container elementor-column-gap-default\">\n\t\t\t\t\t<div class=\"elementor-column elementor-col-50 elementor-inner-column elementor-element elementor-element-322f496\" data-id=\"322f496\" data-element_type=\"column\">\n\t\t\t<div class=\"elementor-widget-wrap elementor-element-populated\">\n\t\t\t\t\t\t<div class=\"elementor-element elementor-element-d263375 elementor-widget elementor-widget-text-editor\" data-id=\"d263375\" data-element_type=\"widget\" data-widget_type=\"text-editor.default\">\n\t\t\t\t<div class=\"elementor-widget-container\">\n\t\t\t\t\t\t\t\t\t<p>Reparatur von Kratzern auf Leder<\/p>\t\t\t\t\t\t\t\t<\/div>\n\t\t\t\t<\/div>\n\t\t\t\t\t<\/div>\n\t\t<\/div>\n\t\t\t\t<div class=\"elementor-column elementor-col-50 elementor-inner-column elementor-element elementor-element-77cbf92\" data-id=\"77cbf92\" data-element_type=\"column\">\n\t\t\t<div class=\"elementor-widget-wrap elementor-element-populated\">\n\t\t\t\t\t\t<div class=\"elementor-element elementor-element-698e839 elementor-widget elementor-widget-video\" data-id=\"698e839\" data-element_type=\"widget\" data-settings=\"{&quot;youtube_url&quot;:&quot;https:\\\/\\\/www.youtube.com\\\/watch?v=95KQqDIIDys&quot;,&quot;video_type&quot;:&quot;youtube&quot;,&quot;controls&quot;:&quot;yes&quot;}\" data-widget_type=\"video.default\">\n\t\t\t\t<div class=\"elementor-widget-container\">\n\t\t\t\t\t\t\t<div class=\"elementor-wrapper elementor-open-inline\">\n\t\t\t<div class=\"elementor-video\"><\/div>\t\t<\/div>\n\t\t\t\t\t\t<\/div>\n\t\t\t\t<\/div>\n\t\t\t\t\t<\/div>\n\t\t<\/div>\n\t\t\t\t\t<\/div>\n\t\t<\/section>\n\t\t\t\t<section class=\"elementor-section elementor-inner-section elementor-element elementor-element-07e4ee3 elementor-section-boxed elementor-section-height-default elementor-section-height-default\" data-id=\"07e4ee3\" data-element_type=\"section\">\n\t\t\t\t\t\t<div class=\"elementor-container elementor-column-gap-default\">\n\t\t\t\t\t<div class=\"elementor-column elementor-col-50 elementor-inner-column elementor-element elementor-element-7310e43\" data-id=\"7310e43\" data-element_type=\"column\">\n\t\t\t<div class=\"elementor-widget-wrap elementor-element-populated\">\n\t\t\t\t\t\t<div class=\"elementor-element elementor-element-615d122 elementor-widget elementor-widget-text-editor\" data-id=\"615d122\" data-element_type=\"widget\" data-widget_type=\"text-editor.default\">\n\t\t\t\t<div class=\"elementor-widget-container\">\n\t\t\t\t\t\t\t\t\t<p>Kratzer auf lackiertem Metall entfernen<\/p>\t\t\t\t\t\t\t\t<\/div>\n\t\t\t\t<\/div>\n\t\t\t\t\t<\/div>\n\t\t<\/div>\n\t\t\t\t<div class=\"elementor-column elementor-col-50 elementor-inner-column elementor-element elementor-element-36094a4\" data-id=\"36094a4\" data-element_type=\"column\">\n\t\t\t<div class=\"elementor-widget-wrap elementor-element-populated\">\n\t\t\t\t\t\t<div class=\"elementor-element elementor-element-0c203cb elementor-widget elementor-widget-video\" data-id=\"0c203cb\" data-element_type=\"widget\" data-settings=\"{&quot;youtube_url&quot;:&quot;https:\\\/\\\/www.youtube.com\\\/watch?v=ygKqZyukNP0&amp;t=3s&quot;,&quot;video_type&quot;:&quot;youtube&quot;,&quot;controls&quot;:&quot;yes&quot;}\" data-widget_type=\"video.default\">\n\t\t\t\t<div class=\"elementor-widget-container\">\n\t\t\t\t\t\t\t<div class=\"elementor-wrapper elementor-open-inline\">\n\t\t\t<div class=\"elementor-video\"><\/div>\t\t<\/div>\n\t\t\t\t\t\t<\/div>\n\t\t\t\t<\/div>\n\t\t\t\t\t<\/div>\n\t\t<\/div>\n\t\t\t\t\t<\/div>\n\t\t<\/section>\n\t\t\t\t<section class=\"elementor-section elementor-inner-section elementor-element elementor-element-34af6c1 elementor-section-boxed elementor-section-height-default elementor-section-height-default\" data-id=\"34af6c1\" data-element_type=\"section\">\n\t\t\t\t\t\t<div class=\"elementor-container elementor-column-gap-default\">\n\t\t\t\t\t<div class=\"elementor-column elementor-col-50 elementor-inner-column elementor-element elementor-element-e7e051b\" data-id=\"e7e051b\" data-element_type=\"column\">\n\t\t\t<div class=\"elementor-widget-wrap elementor-element-populated\">\n\t\t\t\t\t\t<div class=\"elementor-element elementor-element-33d6cbc elementor-widget elementor-widget-text-editor\" data-id=\"33d6cbc\" data-element_type=\"widget\" data-widget_type=\"text-editor.default\">\n\t\t\t\t<div class=\"elementor-widget-container\">\n\t\t\t\t\t\t\t\t\t<p>Tischplatte \u00d6len<\/p>\t\t\t\t\t\t\t\t<\/div>\n\t\t\t\t<\/div>\n\t\t\t\t\t<\/div>\n\t\t<\/div>\n\t\t\t\t<div class=\"elementor-column elementor-col-50 elementor-inner-column elementor-element elementor-element-0187f1a\" data-id=\"0187f1a\" data-element_type=\"column\">\n\t\t\t<div class=\"elementor-widget-wrap elementor-element-populated\">\n\t\t\t\t\t\t<div class=\"elementor-element elementor-element-c24353e elementor-widget elementor-widget-video\" data-id=\"c24353e\" data-element_type=\"widget\" data-settings=\"{&quot;youtube_url&quot;:&quot;https:\\\/\\\/www.youtube.com\\\/watch?v=zS2FAfm6grQ&quot;,&quot;video_type&quot;:&quot;youtube&quot;,&quot;controls&quot;:&quot;yes&quot;}\" data-widget_type=\"video.default\">\n\t\t\t\t<div class=\"elementor-widget-container\">\n\t\t\t\t\t\t\t<div class=\"elementor-wrapper elementor-open-inline\">\n\t\t\t<div class=\"elementor-video\"><\/div>\t\t<\/div>\n\t\t\t\t\t\t<\/div>\n\t\t\t\t<\/div>\n\t\t\t\t\t<\/div>\n\t\t<\/div>\n\t\t\t\t\t<\/div>\n\t\t<\/section>\n\t\t\t\t<section class=\"elementor-section elementor-inner-section elementor-element elementor-element-b721bee elementor-section-boxed elementor-section-height-default elementor-section-height-default\" data-id=\"b721bee\" data-element_type=\"section\">\n\t\t\t\t\t\t<div class=\"elementor-container elementor-column-gap-default\">\n\t\t\t\t\t<div class=\"elementor-column elementor-col-50 elementor-inner-column elementor-element elementor-element-119308c\" data-id=\"119308c\" data-element_type=\"column\">\n\t\t\t<div class=\"elementor-widget-wrap elementor-element-populated\">\n\t\t\t\t\t\t<div class=\"elementor-element elementor-element-253df90 elementor-widget elementor-widget-text-editor\" data-id=\"253df90\" data-element_type=\"widget\" data-widget_type=\"text-editor.default\">\n\t\t\t\t<div class=\"elementor-widget-container\">\n\t\t\t\t\t\t\t\t\t<p>Auswechseln von Stuhlgleitern<\/p>\t\t\t\t\t\t\t\t<\/div>\n\t\t\t\t<\/div>\n\t\t\t\t\t<\/div>\n\t\t<\/div>\n\t\t\t\t<div class=\"elementor-column elementor-col-50 elementor-inner-column elementor-element elementor-element-e71d33a\" data-id=\"e71d33a\" data-element_type=\"column\">\n\t\t\t<div class=\"elementor-widget-wrap elementor-element-populated\">\n\t\t\t\t\t\t<div class=\"elementor-element elementor-element-2703abc elementor-widget elementor-widget-video\" data-id=\"2703abc\" data-element_type=\"widget\" data-settings=\"{&quot;youtube_url&quot;:&quot;https:\\\/\\\/www.youtube.com\\\/watch?v=wmRpptS5jc8&quot;,&quot;video_type&quot;:&quot;youtube&quot;,&quot;controls&quot;:&quot;yes&quot;}\" data-widget_type=\"video.default\">\n\t\t\t\t<div class=\"elementor-widget-container\">\n\t\t\t\t\t\t\t<div class=\"elementor-wrapper elementor-open-inline\">\n\t\t\t<div class=\"elementor-video\"><\/div>\t\t<\/div>\n\t\t\t\t\t\t<\/div>\n\t\t\t\t<\/div>\n\t\t\t\t\t<\/div>\n\t\t<\/div>\n\t\t\t\t\t<\/div>\n\t\t<\/section>\n\t\t\t\t<section class=\"elementor-section elementor-inner-section elementor-element elementor-element-00df0f8 elementor-section-boxed elementor-section-height-default elementor-section-height-default\" data-id=\"00df0f8\" data-element_type=\"section\">\n\t\t\t\t\t\t<div class=\"elementor-container elementor-column-gap-default\">\n\t\t\t\t\t<div class=\"elementor-column elementor-col-50 elementor-inner-column elementor-element elementor-element-6cf6489\" data-id=\"6cf6489\" data-element_type=\"column\">\n\t\t\t<div class=\"elementor-widget-wrap elementor-element-populated\">\n\t\t\t\t\t\t<div class=\"elementor-element elementor-element-0ff536c elementor-widget elementor-widget-text-editor\" data-id=\"0ff536c\" data-element_type=\"widget\" data-widget_type=\"text-editor.default\">\n\t\t\t\t<div class=\"elementor-widget-container\">\n\t\t\t\t\t\t\t\t\t<p>Kunststoffgleiter ersatzen durch Filzgleiter<\/p>\t\t\t\t\t\t\t\t<\/div>\n\t\t\t\t<\/div>\n\t\t\t\t\t<\/div>\n\t\t<\/div>\n\t\t\t\t<div class=\"elementor-column elementor-col-50 elementor-inner-column elementor-element elementor-element-e652650\" data-id=\"e652650\" data-element_type=\"column\">\n\t\t\t<div class=\"elementor-widget-wrap elementor-element-populated\">\n\t\t\t\t\t\t<div class=\"elementor-element elementor-element-4a46cf4 elementor-widget elementor-widget-video\" data-id=\"4a46cf4\" data-element_type=\"widget\" data-settings=\"{&quot;youtube_url&quot;:&quot;https:\\\/\\\/www.youtube.com\\\/watch?v=vSqXmbp3JlU&quot;,&quot;video_type&quot;:&quot;youtube&quot;,&quot;controls&quot;:&quot;yes&quot;}\" data-widget_type=\"video.default\">\n\t\t\t\t<div class=\"elementor-widget-container\">\n\t\t\t\t\t\t\t<div class=\"elementor-wrapper elementor-open-inline\">\n\t\t\t<div class=\"elementor-video\"><\/div>\t\t<\/div>\n\t\t\t\t\t\t<\/div>\n\t\t\t\t<\/div>\n\t\t\t\t\t<\/div>\n\t\t<\/div>\n\t\t\t\t\t<\/div>\n\t\t<\/section>\n\t\t\t\t<section class=\"elementor-section elementor-inner-section elementor-element elementor-element-9f89b26 elementor-section-boxed elementor-section-height-default elementor-section-height-default\" data-id=\"9f89b26\" data-element_type=\"section\">\n\t\t\t\t\t\t<div class=\"elementor-container elementor-column-gap-default\">\n\t\t\t\t\t<div class=\"elementor-column elementor-col-50 elementor-inner-column elementor-element elementor-element-38dbbfd\" data-id=\"38dbbfd\" data-element_type=\"column\">\n\t\t\t<div class=\"elementor-widget-wrap elementor-element-populated\">\n\t\t\t\t\t\t<div class=\"elementor-element elementor-element-12b6896 elementor-widget elementor-widget-text-editor\" data-id=\"12b6896\" data-element_type=\"widget\" data-widget_type=\"text-editor.default\">\n\t\t\t\t<div class=\"elementor-widget-container\">\n\t\t\t\t\t\t\t\t\t<p>Gleiter auswechseln f\u00fcr St\u00fchle mit Schlittengestell<\/p>\t\t\t\t\t\t\t\t<\/div>\n\t\t\t\t<\/div>\n\t\t\t\t\t<\/div>\n\t\t<\/div>\n\t\t\t\t<div class=\"elementor-column elementor-col-50 elementor-inner-column elementor-element elementor-element-a3116d1\" data-id=\"a3116d1\" data-element_type=\"column\">\n\t\t\t<div class=\"elementor-widget-wrap elementor-element-populated\">\n\t\t\t\t\t\t<div class=\"elementor-element elementor-element-948b684 elementor-widget elementor-widget-video\" data-id=\"948b684\" data-element_type=\"widget\" data-settings=\"{&quot;youtube_url&quot;:&quot;https:\\\/\\\/www.youtube.com\\\/watch?v=AcRmB36iq5o&quot;,&quot;video_type&quot;:&quot;youtube&quot;,&quot;controls&quot;:&quot;yes&quot;}\" data-widget_type=\"video.default\">\n\t\t\t\t<div class=\"elementor-widget-container\">\n\t\t\t\t\t\t\t<div class=\"elementor-wrapper elementor-open-inline\">\n\t\t\t<div class=\"elementor-video\"><\/div>\t\t<\/div>\n\t\t\t\t\t\t<\/div>\n\t\t\t\t<\/div>\n\t\t\t\t\t<\/div>\n\t\t<\/div>\n\t\t\t\t\t<\/div>\n\t\t<\/section>\n\t\t\t\t\t<\/div>\n\t\t<\/div>\n\t\t\t\t\t<\/div>\n\t\t<\/section>\n\t\t\t\t<\/div>\n\t\t","protected":false},"excerpt":{"rendered":"<p>Pflege Leder und stoff Wir arbeiten mit LCK Deutschland f\u00fcr Pflegeberatung und Pflegeprodukte aus Leder und Stoff zusammen. Gemeinsam mit LCK sorgen wir daf\u00fcr, dass Sie weiterhin Freude an Ihren sch\u00f6nen Designm\u00f6beln haben. F\u00fcr Pflegemittel f\u00fcr andere Materialien verweisen wir auf unseren regul\u00e4ren Serviceshop. Pflege Leder und Stoff GARANTIE UND GEBRAUCHSANWEISUNG Ihre M\u00f6bel haben unsere Werkstatt in einem qualit\u00e4tsgepr\u00fcften Zustand verlassen. Was k\u00f6nnen Sie tun, wenn doch etwas mal nicht ganz Ihren Vorstellungen entsprechen sollte? Oder, wie k\u00f6nnen Sie daf\u00fcr sorgen, dass Sie so lange wie m\u00f6glich Freude an Ihren M\u00f6beln haben? Antworten und n\u00fctzliche Tipps finden Sie auf unserer Website. Klicken Sie hier f\u00fcr die Gebrauchs- und Pflegeanleitung How to Sie k\u00f6nnen M\u00f6bel selbst pflegen und auffrischen. Um Ihnen zu zeigen, wie das geht, haben wir eine Reihe von Videos aufgenommen. Hier finden Sie einen Schritt-f\u00fcr-Schritt-Plan. Haben Sie eine Frage zu einem anderen Pflegethema? Sie k\u00f6nnen uns gerne eine E-Mail schicken. Reparatur von Kratzern auf Leder https:\/\/www.youtube.com\/watch?v=95KQqDIIDys Kratzer auf lackiertem Metall entfernen https:\/\/www.youtube.com\/watch?v=ygKqZyukNP0&#038;t=3s Tischplatte \u00d6len https:\/\/www.youtube.com\/watch?v=zS2FAfm6grQ Auswechseln von Stuhlgleitern https:\/\/www.youtube.com\/watch?v=wmRpptS5jc8 Kunststoffgleiter ersatzen durch Filzgleiter https:\/\/www.youtube.com\/watch?v=vSqXmbp3JlU Gleiter auswechseln f\u00fcr St\u00fchle mit Schlittengestell https:\/\/www.youtube.com\/watch?v=AcRmB36iq5o<\/p>\n","protected":false},"author":2,"featured_media":51154,"parent":0,"menu_order":0,"comment_status":"closed","ping_status":"closed","template":"templates\/page-with-image-template.php","meta":{"_acf_changed":false,"footnotes":""},"class_list":["post-51172","page","type-page","status-publish","has-post-thumbnail","hentry"],"acf":[],"_links":{"self":[{"href":"https:\/\/www.bertplantagie.com\/de\/wp-json\/wp\/v2\/pages\/51172","targetHints":{"allow":["GET"]}}],"collection":[{"href":"https:\/\/www.bertplantagie.com\/de\/wp-json\/wp\/v2\/pages"}],"about":[{"href":"https:\/\/www.bertplantagie.com\/de\/wp-json\/wp\/v2\/types\/page"}],"author":[{"embeddable":true,"href":"https:\/\/www.bertplantagie.com\/de\/wp-json\/wp\/v2\/users\/2"}],"replies":[{"embeddable":true,"href":"https:\/\/www.bertplantagie.com\/de\/wp-json\/wp\/v2\/comments?post=51172"}],"version-history":[{"count":3,"href":"https:\/\/www.bertplantagie.com\/de\/wp-json\/wp\/v2\/pages\/51172\/revisions"}],"predecessor-version":[{"id":60536,"href":"https:\/\/www.bertplantagie.com\/de\/wp-json\/wp\/v2\/pages\/51172\/revisions\/60536"}],"wp:featuredmedia":[{"embeddable":true,"href":"https:\/\/www.bertplantagie.com\/de\/wp-json\/wp\/v2\/media\/51154"}],"wp:attachment":[{"href":"https:\/\/www.bertplantagie.com\/de\/wp-json\/wp\/v2\/media?parent=51172"}],"curies":[{"name":"wp","href":"https:\/\/api.w.org\/{rel}","templated":true}]}}