{"id":37670,"date":"2019-12-17T16:17:59","date_gmt":"2019-12-17T15:17:59","guid":{"rendered":"http:\/\/bertplantagie.com\/sustainability\/"},"modified":"2023-05-11T14:50:50","modified_gmt":"2023-05-11T12:50:50","slug":"nachhaltigkeit-2","status":"publish","type":"page","link":"https:\/\/www.bertplantagie.com\/de\/nachhaltigkeit-2\/","title":{"rendered":"Nachhaltigkeit 2"},"content":{"rendered":"<p>[vc_row el_class=&#8220;topGalery&#8220;][vc_column width=&#8220;1\/6&#8243; css=&#8220;.vc_custom_1493977623420{margin: 0px !important;padding: 0px !important;}&#8220;][\/vc_column][vc_column width=&#8220;2\/3&#8243; css=&#8220;.vc_custom_1499180814635{margin-top: 0px !important;margin-right: 0px !important;margin-bottom: 0px !important;margin-left: 0px !important;padding-top: 25px !important;padding-right: 0px !important;padding-bottom: 0px !important;padding-left: 0px !important;background-color: #ffffff !important;}&#8220; el_class=&#8220;about-wrapper&#8220;][vc_row_inner][vc_column_inner width=&#8220;1\/2&#8243;][vc_single_image image=&#8220;37159&#8243; img_size=&#8220;1200&#215;1600&#8243; alignment=&#8220;right&#8220; css=&#8220;.vc_custom_1576598052463{margin-top: 0px !important;margin-right: 0px !important;margin-bottom: 0px !important;margin-left: 0px !important;padding-top: 0px !important;padding-right: 0px !important;padding-bottom: 0px !important;padding-left: 0px !important;}&#8220;][\/vc_column_inner][vc_column_inner width=&#8220;1\/2&#8243;][vc_single_image image=&#8220;37168&#8243; img_size=&#8220;1200&#215;1600&#8243; css=&#8220;.vc_custom_1576598133452{margin-top: 0px !important;margin-right: 0px !important;margin-bottom: 0px !important;margin-left: 0px !important;padding-top: 0px !important;padding-right: 0px !important;padding-bottom: 0px !important;padding-left: 0px !important;}&#8220;][\/vc_column_inner][\/vc_row_inner][vc_empty_space][vc_custom_heading text=&#8220;Unsere Vorstellung von einer nachhaltigen Zukunft&#8220; font_container=&#8220;tag:h2|font_size:24px|text_align:left|color:%231c353c&#8220; google_fonts=&#8220;font_family:Roboto%3A100%2C100italic%2C300%2C300italic%2Cregular%2Citalic%2C500%2C500italic%2C700%2C700italic%2C900%2C900italic|font_style:700%20bold%20regular%3A700%3Anormal&#8220; el_class=&#8220;title&#8220; css=&#8220;.vc_custom_1648645813838{padding-bottom: 30px !important;}&#8220;][vc_column_text]&#8220;Sch\u00f6n leben&#8220; ist unser Ziel. Aber wir sind weder eine Trendmarke, noch schick oder modisch. Wir lieben es, Sie so zu sehen, wie Sie sind, in Ihrem Zuhause, das zu Ihnen passt wie ein Handschuh. Auf diese Weise werden Sie wahrscheinlich lange Freude an unseren Produkten haben.<\/p>\n<p>Wir halten uns nicht so gerne an Regeln, wir brechen sie sogar gerne. Aber wir glauben auch daran, eine bessere Zukunft zu schaffen. Wir haben uns verpflichtet, einige Richtlinien f\u00fcr unser Verhalten aufzustellen, denn wir wollen im Jahr 2030 ebenso nachhaltig wie erfolgreich sein:[\/vc_column_text][vc_video link=&#8220;https:\/\/youtu.be\/9U35l_HZeK0&#8243;][vc_custom_heading text=&#8220;1. Hinterlasse einen Eindruck, nicht einen Abdruck&#8220; font_container=&#8220;tag:h2|font_size:18px|text_align:justify|color:%231c353c&#8220; google_fonts=&#8220;font_family:Roboto%3A100%2C100italic%2C300%2C300italic%2Cregular%2Citalic%2C500%2C500italic%2C700%2C700italic%2C900%2C900italic|font_style:700%20bold%20regular%3A700%3Anormal&#8220; el_class=&#8220;title&#8220; css=&#8220;.vc_custom_1648645834581{padding-bottom: 30px !important;}&#8220;][vc_column_text]Unsere M\u00f6bel sind so konzipiert, dass sie begehrt werden, aber auch langlebig sind. Aber auch, um dem Test der Zeit zu widerstehen und Ihrem Lebensstil standzuhalten. Unsere St\u00fchle halten Ihnen in jeder Situation den R\u00fccken frei, egal ob es sich um eine fr\u00f6hliche Geburtstagsfeier handelt oder um ein intensives Gespr\u00e4ch, bei dem Sie vielleicht mit der Faust auf den Tisch schlagen. Wir m\u00f6chten einen Eindruck hinterlassen, nicht einen Abdruck.[\/vc_column_text][vc_custom_heading text=&#8220;2. Make it yours&#8220; font_container=&#8220;tag:h2|font_size:18px|text_align:justify|color:%231c353c&#8220; google_fonts=&#8220;font_family:Roboto%3A100%2C100italic%2C300%2C300italic%2Cregular%2Citalic%2C500%2C500italic%2C700%2C700italic%2C900%2C900italic|font_style:700%20bold%20regular%3A700%3Anormal&#8220; el_class=&#8220;title&#8220; css=&#8220;.vc_custom_1576595149256{padding-bottom: 30px !important;}&#8220;][vc_column_text]&#8220;Make it yours&#8220; ist unser Motto, denn wir glauben nicht an eine Einheitsgr\u00f6\u00dfe f\u00fcr alle. Unsere hochgradig anpassbare Kollektion von Esszimmerst\u00fchlen, die unter diesem Namen bekannt ist, ist ber\u00fchmt f\u00fcr ihre gro\u00dfe Auswahl an Optionen. Tats\u00e4chlich ist die Freiheit der Wahl unser Alleinstellungsmerkmal. Heutzutage wenden wir &#8222;Make it yours&#8220; auf eine Reihe von Dingen an und behalten es im Hinterkopf, wenn wir wichtige Entscheidungen treffen. Es erinnert uns daran, die Verantwortung f\u00fcr die Dinge zu \u00fcbernehmen, die wir von dieser Erde nehmen und auf sie herablassen.[\/vc_column_text][vc_custom_heading text=&#8220;3. Dauerhaftigkeit&#8220; font_container=&#8220;tag:h2|font_size:18px|text_align:justify|color:%231c353c&#8220; google_fonts=&#8220;font_family:Roboto%3A100%2C100italic%2C300%2C300italic%2Cregular%2Citalic%2C500%2C500italic%2C700%2C700italic%2C900%2C900italic|font_style:700%20bold%20regular%3A700%3Anormal&#8220; el_class=&#8220;title&#8220; css=&#8220;.vc_custom_1648645863646{padding-bottom: 30px !important;}&#8220;][vc_column_text]Wir glauben, dass es eine dankbare Aufgabe ist, sich um Ihr Zuhause, um uns und um unseren Planeten zu k\u00fcmmern, was nicht immer einfach ist. Indem wir Produkte von h\u00f6chster Qualit\u00e4t und langer Lebensdauer herstellen, versuchen wir, zur Reduzierung von Abfall beizutragen. Alles wird auf Bestellung hergestellt, ist leicht zu warten, reparierbar und wird in Europa produziert, mit Respekt f\u00fcr Mensch und Umwelt. Um die ersten Lebensphasen unserer Produkte noch weiter zu verl\u00e4ngern, suchen wir nach M\u00f6glichkeiten, unseren Produktnutzern eine Aufarbeitung anzubieten. Und: Wer mit seinem bert plantagie-Produkt wirklich fertig ist, sollte es zur\u00fcckgeben k\u00f6nnen, damit wir daf\u00fcr sorgen k\u00f6nnen, dass es recycelt wird.[\/vc_column_text][vc_custom_heading text=&#8220;4. Praktiziere, was du predigst&#8220; font_container=&#8220;tag:h2|font_size:18px|text_align:justify|color:%231c353c&#8220; google_fonts=&#8220;font_family:Roboto%3A100%2C100italic%2C300%2C300italic%2Cregular%2Citalic%2C500%2C500italic%2C700%2C700italic%2C900%2C900italic|font_style:700%20bold%20regular%3A700%3Anormal&#8220; el_class=&#8220;title&#8220; css=&#8220;.vc_custom_1648645877734{padding-bottom: 30px !important;}&#8220;][vc_column_text]Ein gro\u00dfer Teil der Materialien, mit denen wir arbeiten, ist kreislauff\u00e4hig. Unsere Holzplatten und -beine sind nat\u00fcrliche C02-Beh\u00e4lter, w\u00e4hrend die B\u00e4ume, die als Ersatz f\u00fcr diese Ressourcen gepflanzt wurden, die Luft filtern, die wir atmen. Wir experimentieren auch mit Tischen aus recyceltem Kunststoff, zu denen auch unsere eigenen Abf\u00e4lle geh\u00f6ren (z. B. die Kegel, auf die unser Garn gewickelt wurde). Der brodelnde Bauch unseres Unternehmens, das bert plantagie laboratory (kurz: BP Lab), ist immer auf der Suche nach neuen Materialien. K\u00fcrzlich haben wir eine Reihe von Kiko-St\u00fchlen mit &#8222;Leder&#8220; gepolstert, das ausschlie\u00dflich aus Ananas besteht. Wir befassen uns auch mit recyceltem Leder und Leder aus Traubenabf\u00e4llen. Diese Ananasst\u00fchle bilden ein sch\u00f6nes Set mit unserem einzigen Carve-Tisch mit einer marmorartigen Platte aus Schneidebrettern. Lederreste, die wir wegwerfen, werden zu Geldb\u00f6rsen, Taschen und\/oder anderen Kunstwerken verarbeitet. Immer mehr Stoffe, die (teilweise) aus recyceltem Polyester bestehen, werden in unsere Kollektion aufgenommen, und unsere Wave-Teppiche werden aus econyl\u00ae hergestellt: 100 % recyceltem und 100 % recycelbarem Garn, dessen Hauptbestandteile Fischernetze und Lumpen sind. Wir konservieren unsere Stahlteile durch Pulverbeschichtung, ein elektrostatisches Verfahren, das frei von L\u00f6sungsmitteln und Farbspritzern ist. Um sie sicher aufzubewahren, verpacken wir unsere M\u00f6belst\u00fccke in Kartons aus recyceltem Karton. Vor kurzem haben wir ein Zentrum in Mitteleuropa er\u00f6ffnet, um die von unseren M\u00f6beln zur\u00fcckgelegte Strecke zu verk\u00fcrzen. Das Gleiche gilt f\u00fcr unsere Vertreter, die, wenn sie k\u00f6nnen, elektrisch fahren.[\/vc_column_text][vc_custom_heading text=&#8220;5. Sei du selbst, aber besser&#8220; font_container=&#8220;tag:h2|font_size:18px|text_align:justify|color:%231c353c&#8220; google_fonts=&#8220;font_family:Roboto%3A100%2C100italic%2C300%2C300italic%2Cregular%2Citalic%2C500%2C500italic%2C700%2C700italic%2C900%2C900italic|font_style:700%20bold%20regular%3A700%3Anormal&#8220; el_class=&#8220;title&#8220; css=&#8220;.vc_custom_1648645894276{padding-bottom: 30px !important;}&#8220;][vc_column_text]Als niederl\u00e4ndische H\u00e4ndler hassen wir es, etwas zu verschwenden. Alles, was wir in die H\u00e4nde bekommen, wird irgendwie verwendet. Unser calvinistischer Geist ist so verdrahtet und wir denken gerne, dass wir mit der kommerziellen Gabe der Effizienz gesegnet sind. Zum Beispiel: Schl\u00fcsselanh\u00e4nger, Untersetzer und andere (Werbe-)Artikel werden aus Stoff- und Lederresten gen\u00e4ht. Aber so weit sind wir noch nicht! Im Moment \u00fcberlegen wir, wie wir insgesamt besser werden k\u00f6nnen. Wenn wir unsere Zukunft wie ein neues Modell auf dem Rei\u00dfbrett entwerfen k\u00f6nnten, w\u00fcrden wir uns w\u00fcnschen, dass sie zu 100 % frei von sch\u00e4dlichen Gasen und schlechtem Verhalten ist &#8211; einschlie\u00dflich Versprechen, die wir nicht halten k\u00f6nnen. Bitte z\u00f6gern Sie nicht, sich mit uns in Verbindung zu setzen, wenn Sie der Meinung sind, dass wir in diesem Bestreben, schlanker, gr\u00fcner und sinnvoller zu werden, zusammenarbeiten k\u00f6nnen.[\/vc_column_text][\/vc_column][vc_column width=&#8220;1\/6&#8243;][\/vc_column][\/vc_row]<\/p>\n","protected":false},"excerpt":{"rendered":"<p>[vc_row el_class=&#8220;topGalery&#8220;][vc_column width=&#8220;1\/6&#8243; css=&#8220;.vc_custom_1493977623420{margin: 0px !important;padding: 0px !important;}&#8220;][\/vc_column][vc_column width=&#8220;2\/3&#8243; css=&#8220;.vc_custom_1499180814635{margin-top: 0px !important;margin-right: 0px !important;margin-bottom: 0px !important;margin-left: 0px !important;padding-top: 25px !important;padding-right: 0px !important;padding-bottom: 0px !important;padding-left: 0px !important;background-color: #ffffff !important;}&#8220; el_class=&#8220;about-wrapper&#8220;][vc_row_inner][vc_column_inner width=&#8220;1\/2&#8243;][vc_single_image image=&#8220;37159&#8243; img_size=&#8220;1200&#215;1600&#8243; alignment=&#8220;right&#8220; css=&#8220;.vc_custom_1576598052463{margin-top: 0px !important;margin-right: 0px !important;margin-bottom: 0px !important;margin-left: 0px !important;padding-top: 0px !important;padding-right: 0px !important;padding-bottom: 0px !important;padding-left: 0px !important;}&#8220;][\/vc_column_inner][vc_column_inner width=&#8220;1\/2&#8243;][vc_single_image image=&#8220;37168&#8243; img_size=&#8220;1200&#215;1600&#8243; css=&#8220;.vc_custom_1576598133452{margin-top: 0px !important;margin-right: 0px !important;margin-bottom: 0px !important;margin-left: 0px !important;padding-top: 0px !important;padding-right: 0px !important;padding-bottom: 0px !important;padding-left: 0px !important;}&#8220;][\/vc_column_inner][\/vc_row_inner][vc_empty_space][vc_custom_heading text=&#8220;Unsere Vorstellung von einer nachhaltigen Zukunft&#8220; font_container=&#8220;tag:h2|font_size:24px|text_align:left|color:%231c353c&#8220; google_fonts=&#8220;font_family:Roboto%3A100%2C100italic%2C300%2C300italic%2Cregular%2Citalic%2C500%2C500italic%2C700%2C700italic%2C900%2C900italic|font_style:700%20bold%20regular%3A700%3Anormal&#8220; el_class=&#8220;title&#8220; css=&#8220;.vc_custom_1648645813838{padding-bottom: 30px !important;}&#8220;][vc_column_text]&#8220;Sch\u00f6n leben&#8220; ist unser Ziel. Aber wir sind weder eine Trendmarke, noch schick oder modisch. Wir lieben es, Sie so zu sehen, wie Sie sind, in Ihrem Zuhause, das zu Ihnen passt wie ein Handschuh. Auf diese Weise werden Sie wahrscheinlich lange Freude an unseren Produkten haben. Wir halten uns nicht so gerne an Regeln, wir brechen sie sogar gerne. Aber wir glauben auch daran, eine bessere Zukunft zu schaffen. Wir haben uns verpflichtet, einige Richtlinien f\u00fcr unser Verhalten aufzustellen, denn wir wollen im Jahr 2030 ebenso nachhaltig wie erfolgreich sein:[\/vc_column_text][vc_video link=&#8220;https:\/\/youtu.be\/9U35l_HZeK0&#8243;][vc_custom_heading text=&#8220;1. Hinterlasse einen Eindruck, nicht einen Abdruck&#8220; font_container=&#8220;tag:h2|font_size:18px|text_align:justify|color:%231c353c&#8220; google_fonts=&#8220;font_family:Roboto%3A100%2C100italic%2C300%2C300italic%2Cregular%2Citalic%2C500%2C500italic%2C700%2C700italic%2C900%2C900italic|font_style:700%20bold%20regular%3A700%3Anormal&#8220; el_class=&#8220;title&#8220; css=&#8220;.vc_custom_1648645834581{padding-bottom: 30px !important;}&#8220;][vc_column_text]Unsere M\u00f6bel sind so konzipiert, dass sie begehrt werden, aber auch langlebig sind. Aber auch, um dem Test der Zeit zu widerstehen und Ihrem Lebensstil standzuhalten. Unsere St\u00fchle halten Ihnen in jeder Situation den R\u00fccken frei, egal ob es sich um eine fr\u00f6hliche Geburtstagsfeier handelt oder um ein intensives Gespr\u00e4ch, bei dem Sie vielleicht mit der Faust auf den Tisch schlagen. Wir m\u00f6chten einen Eindruck hinterlassen, nicht einen Abdruck.[\/vc_column_text][vc_custom_heading text=&#8220;2. Make it yours&#8220; font_container=&#8220;tag:h2|font_size:18px|text_align:justify|color:%231c353c&#8220; google_fonts=&#8220;font_family:Roboto%3A100%2C100italic%2C300%2C300italic%2Cregular%2Citalic%2C500%2C500italic%2C700%2C700italic%2C900%2C900italic|font_style:700%20bold%20regular%3A700%3Anormal&#8220; el_class=&#8220;title&#8220; css=&#8220;.vc_custom_1576595149256{padding-bottom: 30px !important;}&#8220;][vc_column_text]&#8220;Make it yours&#8220; ist unser Motto, denn wir glauben nicht an eine Einheitsgr\u00f6\u00dfe f\u00fcr alle. Unsere hochgradig anpassbare Kollektion von Esszimmerst\u00fchlen, die unter diesem Namen bekannt ist, ist ber\u00fchmt f\u00fcr ihre gro\u00dfe Auswahl an Optionen. Tats\u00e4chlich ist die Freiheit der Wahl unser Alleinstellungsmerkmal. Heutzutage wenden wir &#8222;Make it yours&#8220; auf eine Reihe von Dingen an und behalten es im Hinterkopf, wenn wir wichtige Entscheidungen treffen. Es erinnert uns daran, die Verantwortung f\u00fcr die Dinge zu \u00fcbernehmen, die wir von dieser Erde nehmen und auf sie herablassen.[\/vc_column_text][vc_custom_heading text=&#8220;3. Dauerhaftigkeit&#8220; font_container=&#8220;tag:h2|font_size:18px|text_align:justify|color:%231c353c&#8220; google_fonts=&#8220;font_family:Roboto%3A100%2C100italic%2C300%2C300italic%2Cregular%2Citalic%2C500%2C500italic%2C700%2C700italic%2C900%2C900italic|font_style:700%20bold%20regular%3A700%3Anormal&#8220; el_class=&#8220;title&#8220; css=&#8220;.vc_custom_1648645863646{padding-bottom: 30px !important;}&#8220;][vc_column_text]Wir glauben, dass es eine dankbare Aufgabe ist, sich um Ihr Zuhause, um uns und um unseren Planeten zu k\u00fcmmern, was nicht immer einfach ist. Indem wir Produkte von h\u00f6chster Qualit\u00e4t und langer Lebensdauer herstellen, versuchen wir, zur Reduzierung von Abfall beizutragen. Alles wird [&hellip;]<\/p>\n","protected":false},"author":2,"featured_media":41973,"parent":0,"menu_order":0,"comment_status":"closed","ping_status":"closed","template":"templates\/page-with-image-template.php","meta":{"_acf_changed":false,"footnotes":""},"class_list":["post-37670","page","type-page","status-publish","has-post-thumbnail","hentry"],"acf":[],"_links":{"self":[{"href":"https:\/\/www.bertplantagie.com\/de\/wp-json\/wp\/v2\/pages\/37670","targetHints":{"allow":["GET"]}}],"collection":[{"href":"https:\/\/www.bertplantagie.com\/de\/wp-json\/wp\/v2\/pages"}],"about":[{"href":"https:\/\/www.bertplantagie.com\/de\/wp-json\/wp\/v2\/types\/page"}],"author":[{"embeddable":true,"href":"https:\/\/www.bertplantagie.com\/de\/wp-json\/wp\/v2\/users\/2"}],"replies":[{"embeddable":true,"href":"https:\/\/www.bertplantagie.com\/de\/wp-json\/wp\/v2\/comments?post=37670"}],"version-history":[{"count":2,"href":"https:\/\/www.bertplantagie.com\/de\/wp-json\/wp\/v2\/pages\/37670\/revisions"}],"predecessor-version":[{"id":53762,"href":"https:\/\/www.bertplantagie.com\/de\/wp-json\/wp\/v2\/pages\/37670\/revisions\/53762"}],"wp:featuredmedia":[{"embeddable":true,"href":"https:\/\/www.bertplantagie.com\/de\/wp-json\/wp\/v2\/media\/41973"}],"wp:attachment":[{"href":"https:\/\/www.bertplantagie.com\/de\/wp-json\/wp\/v2\/media?parent=37670"}],"curies":[{"name":"wp","href":"https:\/\/api.w.org\/{rel}","templated":true}]}}