{"id":21656,"date":"2017-04-26T11:38:50","date_gmt":"2017-04-26T09:38:50","guid":{"rendered":"http:\/\/bertplantagie.com\/?page_id=21656\/"},"modified":"2023-05-01T15:59:36","modified_gmt":"2023-05-01T13:59:36","slug":"uber-uns","status":"publish","type":"page","link":"https:\/\/www.bertplantagie.com\/de\/uber-uns\/","title":{"rendered":"\u00dcber"},"content":{"rendered":"\t\t<div data-elementor-type=\"wp-page\" data-elementor-id=\"21656\" class=\"elementor elementor-21656 elementor-15424\" data-elementor-post-type=\"page\">\n\t\t\t\t\t\t<section class=\"elementor-section elementor-top-section elementor-element elementor-element-3fb1a36 elementor-section-boxed elementor-section-height-default elementor-section-height-default\" data-id=\"3fb1a36\" data-element_type=\"section\">\n\t\t\t\t\t\t<div class=\"elementor-container elementor-column-gap-no\">\n\t\t\t\t\t<div class=\"elementor-column elementor-col-100 elementor-top-column elementor-element elementor-element-49246a3\" data-id=\"49246a3\" data-element_type=\"column\">\n\t\t\t<div class=\"elementor-widget-wrap elementor-element-populated\">\n\t\t\t\t\t\t<div class=\"elementor-element elementor-element-21f90d9 elementor-widget elementor-widget-text-editor\" data-id=\"21f90d9\" data-element_type=\"widget\" data-widget_type=\"text-editor.default\">\n\t\t\t\t<div class=\"elementor-widget-container\">\n\t\t\t\t\t\t\t\t\t<h2>Bert Plantagie<\/h2><div class=\"wpb_text_column wpb_content_element \"><div class=\"wpb_wrapper\"><p>Die bert plantagie Kollektion besteht aus zeitlosen und gleichzeitig modernen Designerm\u00f6beln. Die M\u00f6belmarke des Dutch Design geh\u00f6rt zur Spitze der niederl\u00e4ndischen M\u00f6belhersteller. In Zusammenarbeit mit talentierten Designern, wie Stefan Steenkist, Frans Schrofer, Thijs Smeets und Hans Daalder wurde eine umfassende Kollektion erstellt, deren Schl\u00fcsselelement ihre Individualisierbarkeit ist. Die bert plantagie Kollektion ist bekannt f\u00fcr ihre vielen M\u00f6glichkeiten: Die M\u00f6belst\u00fccke werden auf Bestellung von unserem Fachpersonal von Hand gefertigt und bieten dabei unvergleichliche Individualisierungsm\u00f6glichkeiten, wie zweifarbige Polsterung, ma\u00dfgefertigte Gestelle in der Farbe Ihrer Wahl sowie viele unterschiedliche Gr\u00f6\u00dfen und Ma\u00dfe. Unser Hauptsitz mit Vertrieb und Verwaltung aber auch dem Design-Team, der Produktentwicklungsabteilung sowie der gro\u00dfen Logistik- und Speditionsabteilung befindet sich in den Niederlanden. Die bert plantagie Kollektion wird in mehreren L\u00e4ndern verkauft und f\u00fcr gew\u00f6hnlich mit unseren eigenen Lastwagen zu den ausgesuchten H\u00e4ndlern gebracht.<\/p><\/div><\/div>\t\t\t\t\t\t\t\t<\/div>\n\t\t\t\t<\/div>\n\t\t\t\t<section class=\"elementor-section elementor-inner-section elementor-element elementor-element-d86b188 elementor-section-boxed elementor-section-height-default elementor-section-height-default\" data-id=\"d86b188\" data-element_type=\"section\">\n\t\t\t\t\t\t<div class=\"elementor-container elementor-column-gap-no\">\n\t\t\t\t\t<div class=\"elementor-column elementor-col-50 elementor-inner-column elementor-element elementor-element-f62bcba\" data-id=\"f62bcba\" data-element_type=\"column\">\n\t\t\t<div class=\"elementor-widget-wrap elementor-element-populated\">\n\t\t\t\t\t\t<div class=\"elementor-element elementor-element-4942c02 elementor-widget elementor-widget-image\" data-id=\"4942c02\" data-element_type=\"widget\" data-widget_type=\"image.default\">\n\t\t\t\t<div class=\"elementor-widget-container\">\n\t\t\t\t\t\t\t\t\t\t\t\t\t\t\t<img fetchpriority=\"high\" decoding=\"async\" width=\"626\" height=\"836\" src=\"https:\/\/www.bertplantagie.com\/wp-content\/uploads\/2021\/10\/about.png\" class=\"attachment-large size-large wp-image-42438\" alt=\"\" srcset=\"https:\/\/www.bertplantagie.com\/wp-content\/uploads\/2021\/10\/about.png 626w, https:\/\/www.bertplantagie.com\/wp-content\/uploads\/2021\/10\/about-225x300.png 225w, https:\/\/www.bertplantagie.com\/wp-content\/uploads\/2021\/10\/about-240x320.png 240w\" sizes=\"(max-width: 626px) 100vw, 626px\" \/>\t\t\t\t\t\t\t\t\t\t\t\t\t\t\t<\/div>\n\t\t\t\t<\/div>\n\t\t\t\t\t<\/div>\n\t\t<\/div>\n\t\t\t\t<div class=\"elementor-column elementor-col-50 elementor-inner-column elementor-element elementor-element-dff2e89\" data-id=\"dff2e89\" data-element_type=\"column\">\n\t\t\t<div class=\"elementor-widget-wrap elementor-element-populated\">\n\t\t\t\t\t\t<div class=\"elementor-element elementor-element-47aa7a7 elementor-widget elementor-widget-image\" data-id=\"47aa7a7\" data-element_type=\"widget\" data-widget_type=\"image.default\">\n\t\t\t\t<div class=\"elementor-widget-container\">\n\t\t\t\t\t\t\t\t\t\t\t\t\t\t\t<img decoding=\"async\" width=\"626\" height=\"836\" data-src=\"https:\/\/www.bertplantagie.com\/wp-content\/uploads\/2021\/10\/about-2.png\" class=\"attachment-large size-large wp-image-42442 lazyload\" alt=\"\" data-srcset=\"https:\/\/www.bertplantagie.com\/wp-content\/uploads\/2021\/10\/about-2.png 626w, https:\/\/www.bertplantagie.com\/wp-content\/uploads\/2021\/10\/about-2-225x300.png 225w, https:\/\/www.bertplantagie.com\/wp-content\/uploads\/2021\/10\/about-2-240x320.png 240w\" data-sizes=\"(max-width: 626px) 100vw, 626px\" src=\"data:image\/svg+xml;base64,PHN2ZyB3aWR0aD0iMSIgaGVpZ2h0PSIxIiB4bWxucz0iaHR0cDovL3d3dy53My5vcmcvMjAwMC9zdmciPjwvc3ZnPg==\" style=\"--smush-placeholder-width: 626px; --smush-placeholder-aspect-ratio: 626\/836;\" \/>\t\t\t\t\t\t\t\t\t\t\t\t\t\t\t<\/div>\n\t\t\t\t<\/div>\n\t\t\t\t\t<\/div>\n\t\t<\/div>\n\t\t\t\t\t<\/div>\n\t\t<\/section>\n\t\t\t\t<section class=\"elementor-section elementor-inner-section elementor-element elementor-element-fa787fb elementor-section-boxed elementor-section-height-default elementor-section-height-default\" data-id=\"fa787fb\" data-element_type=\"section\">\n\t\t\t\t\t\t<div class=\"elementor-container elementor-column-gap-no\">\n\t\t\t\t\t<div class=\"elementor-column elementor-col-100 elementor-inner-column elementor-element elementor-element-1c6c3cb\" data-id=\"1c6c3cb\" data-element_type=\"column\">\n\t\t\t<div class=\"elementor-widget-wrap elementor-element-populated\">\n\t\t\t\t\t\t<div class=\"elementor-element elementor-element-56ef230 elementor-widget elementor-widget-text-editor\" data-id=\"56ef230\" data-element_type=\"widget\" data-widget_type=\"text-editor.default\">\n\t\t\t\t<div class=\"elementor-widget-container\">\n\t\t\t\t\t\t\t\t\t<h2 class=\"vc_custom_heading title vc_custom_1503328984857\">Der Ursprung<\/h2><p>bert plantagie mit Sitz in Cuijk (Nijmegen) ist ein urholl\u00e4ndisches M\u00f6belunternehmen mit einer langen Tradition. Die Urspr\u00fcnge gehen zur\u00fcck bis ins Jahr 1958, als Johannes Smits \u201eSmits Stalen Meubelen\u201c gr\u00fcndete. Zu Anfang konzentrierte sich das Unternehmen vor allem auf Camping- und Gartenm\u00f6bel. In den 80er Jahren spezialisierte sich Smits dann jedoch auf M\u00f6bel f\u00fcr Ferienparks, wie Center Parcs und Duinrell, und Gesundheitseinrichtungen. Im Jahr 2000 wird das Unternehmen dann von Bert Plantagie \u00fcbernommen. So erh\u00e4lt es seinen Namen und schl\u00e4gt au\u00dferdem einen neuen Kurs ein. Die bert plantagie Kollektion konzentriert sich nun st\u00e4rker auf den Verbrauchermarkt, mit dezenten Designs und unvergleichlicher Qualit\u00e4t als Leitmotive. Mit Erfolg. Heute ist bert plantagie eine etablierte Marke, die in vielen M\u00f6belgesch\u00e4ften in mehreren L\u00e4ndern verkauft wird. Und auch das Projektgesch\u00e4ft wird mit unseren Erfahrungen von fr\u00fcher noch bedient.<\/p>\t\t\t\t\t\t\t\t<\/div>\n\t\t\t\t<\/div>\n\t\t\t\t\t<\/div>\n\t\t<\/div>\n\t\t\t\t\t<\/div>\n\t\t<\/section>\n\t\t\t\t\t<\/div>\n\t\t<\/div>\n\t\t\t\t\t<\/div>\n\t\t<\/section>\n\t\t\t\t<\/div>\n\t\t","protected":false},"excerpt":{"rendered":"<p>Bert Plantagie Die bert plantagie Kollektion besteht aus zeitlosen und gleichzeitig modernen Designerm\u00f6beln. Die M\u00f6belmarke des Dutch Design geh\u00f6rt zur Spitze der niederl\u00e4ndischen M\u00f6belhersteller. In Zusammenarbeit mit talentierten Designern, wie Stefan Steenkist, Frans Schrofer, Thijs Smeets und Hans Daalder wurde eine umfassende Kollektion erstellt, deren Schl\u00fcsselelement ihre Individualisierbarkeit ist. Die bert plantagie Kollektion ist bekannt f\u00fcr ihre vielen M\u00f6glichkeiten: Die M\u00f6belst\u00fccke werden auf Bestellung von unserem Fachpersonal von Hand gefertigt und bieten dabei unvergleichliche Individualisierungsm\u00f6glichkeiten, wie zweifarbige Polsterung, ma\u00dfgefertigte Gestelle in der Farbe Ihrer Wahl sowie viele unterschiedliche Gr\u00f6\u00dfen und Ma\u00dfe. Unser Hauptsitz mit Vertrieb und Verwaltung aber auch dem Design-Team, der Produktentwicklungsabteilung sowie der gro\u00dfen Logistik- und Speditionsabteilung befindet sich in den Niederlanden. Die bert plantagie Kollektion wird in mehreren L\u00e4ndern verkauft und f\u00fcr gew\u00f6hnlich mit unseren eigenen Lastwagen zu den ausgesuchten H\u00e4ndlern gebracht. Der Ursprung bert plantagie mit Sitz in Cuijk (Nijmegen) ist ein urholl\u00e4ndisches M\u00f6belunternehmen mit einer langen Tradition. Die Urspr\u00fcnge gehen zur\u00fcck bis ins Jahr 1958, als Johannes Smits \u201eSmits Stalen Meubelen\u201c gr\u00fcndete. Zu Anfang konzentrierte sich das Unternehmen vor allem auf Camping- und Gartenm\u00f6bel. In den 80er Jahren spezialisierte sich Smits dann jedoch auf M\u00f6bel f\u00fcr Ferienparks, wie Center Parcs und Duinrell, und Gesundheitseinrichtungen. Im Jahr 2000 wird das Unternehmen dann von Bert Plantagie \u00fcbernommen. So erh\u00e4lt es seinen Namen und schl\u00e4gt au\u00dferdem einen neuen Kurs ein. Die bert plantagie Kollektion konzentriert sich nun st\u00e4rker auf den Verbrauchermarkt, mit dezenten Designs und unvergleichlicher Qualit\u00e4t als Leitmotive. Mit Erfolg. Heute ist bert plantagie eine etablierte Marke, die in vielen M\u00f6belgesch\u00e4ften in mehreren L\u00e4ndern verkauft wird. Und auch das Projektgesch\u00e4ft wird mit unseren Erfahrungen von fr\u00fcher noch bedient.<\/p>\n","protected":false},"author":6228,"featured_media":60055,"parent":0,"menu_order":0,"comment_status":"closed","ping_status":"closed","template":"templates\/page-with-image-template.php","meta":{"_acf_changed":false,"footnotes":""},"class_list":["post-21656","page","type-page","status-publish","has-post-thumbnail","hentry"],"acf":[],"_links":{"self":[{"href":"https:\/\/www.bertplantagie.com\/de\/wp-json\/wp\/v2\/pages\/21656","targetHints":{"allow":["GET"]}}],"collection":[{"href":"https:\/\/www.bertplantagie.com\/de\/wp-json\/wp\/v2\/pages"}],"about":[{"href":"https:\/\/www.bertplantagie.com\/de\/wp-json\/wp\/v2\/types\/page"}],"author":[{"embeddable":true,"href":"https:\/\/www.bertplantagie.com\/de\/wp-json\/wp\/v2\/users\/6228"}],"replies":[{"embeddable":true,"href":"https:\/\/www.bertplantagie.com\/de\/wp-json\/wp\/v2\/comments?post=21656"}],"version-history":[{"count":2,"href":"https:\/\/www.bertplantagie.com\/de\/wp-json\/wp\/v2\/pages\/21656\/revisions"}],"predecessor-version":[{"id":51213,"href":"https:\/\/www.bertplantagie.com\/de\/wp-json\/wp\/v2\/pages\/21656\/revisions\/51213"}],"wp:featuredmedia":[{"embeddable":true,"href":"https:\/\/www.bertplantagie.com\/de\/wp-json\/wp\/v2\/media\/60055"}],"wp:attachment":[{"href":"https:\/\/www.bertplantagie.com\/de\/wp-json\/wp\/v2\/media?parent=21656"}],"curies":[{"name":"wp","href":"https:\/\/api.w.org\/{rel}","templated":true}]}}