{"id":21308,"date":"2017-07-18T16:45:48","date_gmt":"2017-07-18T14:45:48","guid":{"rendered":"http:\/\/bertplantagie.com\/?page_id=21308\/"},"modified":"2023-05-01T15:54:34","modified_gmt":"2023-05-01T13:54:34","slug":"disclaimer","status":"publish","type":"page","link":"https:\/\/www.bertplantagie.com\/de\/disclaimer\/","title":{"rendered":"Disclaimer"},"content":{"rendered":"<p>[vc_row][vc_column][vc_custom_heading text=&#8220;Disclaimer&#8220; font_container=&#8220;tag:h1|font_size:24px|text_align:left|color:%231c353c&#8220; google_fonts=&#8220;font_family:Roboto%3A100%2C100italic%2C300%2C300italic%2Cregular%2Citalic%2C500%2C500italic%2C700%2C700italic%2C900%2C900italic|font_style:700%20bold%20regular%3A700%3Anormal&#8220; el_class=&#8220;title&#8220;][vc_column_text css=&#8220;.vc_custom_1500389113500{margin-top: 20px !important;margin-bottom: 20px !important;}&#8220;]<\/p>\n<p>Sie k\u00f6nnen keine Rechte, egal welcher Art, in Bezug auf diese Webseite oder deren Inhalt ableiten. Obwohl Bert Plantagie BV danach trachtet die Informationen auf der Webseite so aktuell wie m\u00f6glich wiederzugeben, ist dies keine Garantie, dass die auf dieser Webseite zug\u00e4nglichen Informationen richtig, vollst\u00e4ndig und\/oder aktuell sind. Es sei denn, es wird spezifisch auf der Webseite wiedergegeben, k\u00f6nnen weder die Bert Plantagie BV, noch Mitglieder der Direktion, Arbeitnehmer oder andere Vertreter haftbar gemacht werden f\u00fcr Schaden, der sich aus der Nutzung der Webseite ergibt. Dies ist eine alles umfassende Haftungsbeschr\u00e4nkung f\u00fcr alle Sch\u00e4den, egal welcher Art, inklusive (aber nicht beschr\u00e4nkt auf) kompensierende, direkte, indirekte oder Folgesch\u00e4den, Verlust von Daten, Einkommen oder Gewinn, Verlust oder Schaden an Eigentum sowie Forderungen Dritter. Die angezeigten Abbildungen dienen nur als Hinweise auf die Farbe. Die abgebildeten Farben k\u00f6nnen von der Realit\u00e4t abweichen, darum wird empfohlen, die Produkte anhand der Muster zu beurteilen. Somit k\u00f6nnen keine Rechte aus den angezeigten Abbildungen in Bezug auf die Farbe abgeleitet werden.<\/p>\n<p>[\/vc_column_text][vc_custom_heading text=&#8220;Copyright&#8220; font_container=&#8220;tag:h2|font_size:24px|text_align:left|color:%231c353c&#8220; google_fonts=&#8220;font_family:Roboto%3A100%2C100italic%2C300%2C300italic%2Cregular%2Citalic%2C500%2C500italic%2C700%2C700italic%2C900%2C900italic|font_style:700%20bold%20regular%3A700%3Anormal&#8220; el_class=&#8220;title&#8220;][vc_column_text css=&#8220;.vc_custom_1682949251011{margin-top: 20px !important;margin-bottom: 20px !important;}&#8220;]Das gesamte Webseitendesign, Texte, Abbildungen und deren Strukturierung unterliegen einem Urheberrecht \u00a9 2023 der Bert Plantagie BV. Alle Rechte sind gesch\u00fctzt. Bert Plantagie BV gew\u00e4hrt Zustimmung, um Teile dieser Webseite und des Inhalts f\u00fcr Bildungs- und nicht kommerzielle Zwecke elektronisch zu kopieren oder auszudrucken. Es ist verboten, das Material auf dieser Webseite zu \u00e4ndern, zu kopieren, wieder aufzuarbeiten, hochzuladen, zu posten, zu versenden oder zu verteilen. Jede andere Nutzung des Materials auf dieser Webseite \u2013 inklusive Wiederaufarbeitung des Webseitendesigns, der Texte, der Abbildungen und der Webseitenstruktur, Modifikationen oder Neuver\u00f6ffentlichung \u2013 als hier oben angegeben, ist ohne schriftliche Zustimmung der Bert Plantagie BV untersagt. Jede Verwendung irgendeines Teils dieser Webseite f\u00fcr kommerzielle Zwecke ist strengstens verboten und kann gerichtliche Schritte zur Folge haben.<\/p>\n<p>Alle Produkte, Marken, Logos und Illustrationen auf dieser Seite sind durch internationales Urheberrecht gesch\u00fctzt. Jede \u00dcbertretung dieses Urheberrechts hat gerichtliche Schritte zur Folge. Abbildungen und Texte der Bert Plantagie BV, die f\u00fcr kommerzielle Kommunikation freigegeben sind, k\u00f6nnen Sie in unserer Bildbank zur\u00fcckfinden: downloads.bertplantagie.com .<\/p>\n<p><em>Missbr\u00e4uchliche Verwendung<\/em><br \/>\nUnsere Stimmungsbilder wurden f\u00fcr Marketingzwecke erstellt. Auf den Fotos mit Warntexten ist, zur Versch\u00f6nerung des Bildes, \u201emissbr\u00e4uchliche Verwendung\u201c der M\u00f6bel zu sehen. Diese missbr\u00e4uchliche Verwendung ist bei Ihren eigenen M\u00f6beln nicht zul\u00e4ssig f\u00fchrt zum Ausschluss der Garantie.[\/vc_column_text][\/vc_column][\/vc_row]<\/p>\n","protected":false},"excerpt":{"rendered":"<p>[vc_row][vc_column][vc_custom_heading text=&#8220;Disclaimer&#8220; font_container=&#8220;tag:h1|font_size:24px|text_align:left|color:%231c353c&#8220; google_fonts=&#8220;font_family:Roboto%3A100%2C100italic%2C300%2C300italic%2Cregular%2Citalic%2C500%2C500italic%2C700%2C700italic%2C900%2C900italic|font_style:700%20bold%20regular%3A700%3Anormal&#8220; el_class=&#8220;title&#8220;][vc_column_text css=&#8220;.vc_custom_1500389113500{margin-top: 20px !important;margin-bottom: 20px !important;}&#8220;] Sie k\u00f6nnen keine Rechte, egal welcher Art, in Bezug auf diese Webseite oder deren Inhalt ableiten. Obwohl Bert Plantagie BV danach trachtet die Informationen auf der Webseite so aktuell wie m\u00f6glich wiederzugeben, ist dies keine Garantie, dass die auf dieser Webseite zug\u00e4nglichen Informationen richtig, vollst\u00e4ndig und\/oder aktuell sind. Es sei denn, es wird spezifisch auf der Webseite wiedergegeben, k\u00f6nnen weder die Bert Plantagie BV, noch Mitglieder der Direktion, Arbeitnehmer oder andere Vertreter haftbar gemacht werden f\u00fcr Schaden, der sich aus der Nutzung der Webseite ergibt. Dies ist eine alles umfassende Haftungsbeschr\u00e4nkung f\u00fcr alle Sch\u00e4den, egal welcher Art, inklusive (aber nicht beschr\u00e4nkt auf) kompensierende, direkte, indirekte oder Folgesch\u00e4den, Verlust von Daten, Einkommen oder Gewinn, Verlust oder Schaden an Eigentum sowie Forderungen Dritter. Die angezeigten Abbildungen dienen nur als Hinweise auf die Farbe. Die abgebildeten Farben k\u00f6nnen von der Realit\u00e4t abweichen, darum wird empfohlen, die Produkte anhand der Muster zu beurteilen. Somit k\u00f6nnen keine Rechte aus den angezeigten Abbildungen in Bezug auf die Farbe abgeleitet werden. [\/vc_column_text][vc_custom_heading text=&#8220;Copyright&#8220; font_container=&#8220;tag:h2|font_size:24px|text_align:left|color:%231c353c&#8220; google_fonts=&#8220;font_family:Roboto%3A100%2C100italic%2C300%2C300italic%2Cregular%2Citalic%2C500%2C500italic%2C700%2C700italic%2C900%2C900italic|font_style:700%20bold%20regular%3A700%3Anormal&#8220; el_class=&#8220;title&#8220;][vc_column_text css=&#8220;.vc_custom_1682949251011{margin-top: 20px !important;margin-bottom: 20px !important;}&#8220;]Das gesamte Webseitendesign, Texte, Abbildungen und deren Strukturierung unterliegen einem Urheberrecht \u00a9 2023 der Bert Plantagie BV. Alle Rechte sind gesch\u00fctzt. Bert Plantagie BV gew\u00e4hrt Zustimmung, um Teile dieser Webseite und des Inhalts f\u00fcr Bildungs- und nicht kommerzielle Zwecke elektronisch zu kopieren oder auszudrucken. Es ist verboten, das Material auf dieser Webseite zu \u00e4ndern, zu kopieren, wieder aufzuarbeiten, hochzuladen, zu posten, zu versenden oder zu verteilen. Jede andere Nutzung des Materials auf dieser Webseite \u2013 inklusive Wiederaufarbeitung des Webseitendesigns, der Texte, der Abbildungen und der Webseitenstruktur, Modifikationen oder Neuver\u00f6ffentlichung \u2013 als hier oben angegeben, ist ohne schriftliche Zustimmung der Bert Plantagie BV untersagt. Jede Verwendung irgendeines Teils dieser Webseite f\u00fcr kommerzielle Zwecke ist strengstens verboten und kann gerichtliche Schritte zur Folge haben. Alle Produkte, Marken, Logos und Illustrationen auf dieser Seite sind durch internationales Urheberrecht gesch\u00fctzt. Jede \u00dcbertretung dieses Urheberrechts hat gerichtliche Schritte zur Folge. Abbildungen und Texte der Bert Plantagie BV, die f\u00fcr kommerzielle Kommunikation freigegeben sind, k\u00f6nnen Sie in unserer Bildbank zur\u00fcckfinden: downloads.bertplantagie.com . Missbr\u00e4uchliche Verwendung Unsere Stimmungsbilder wurden f\u00fcr Marketingzwecke erstellt. Auf den Fotos mit Warntexten ist, zur Versch\u00f6nerung des Bildes, \u201emissbr\u00e4uchliche Verwendung\u201c der M\u00f6bel zu sehen. Diese missbr\u00e4uchliche Verwendung ist bei Ihren eigenen M\u00f6beln nicht zul\u00e4ssig f\u00fchrt zum Ausschluss der Garantie.[\/vc_column_text][\/vc_column][\/vc_row]<\/p>\n","protected":false},"author":6228,"featured_media":0,"parent":0,"menu_order":0,"comment_status":"closed","ping_status":"closed","template":"templates\/no-banner.php","meta":{"_acf_changed":false,"footnotes":""},"class_list":["post-21308","page","type-page","status-publish","hentry"],"acf":[],"_links":{"self":[{"href":"https:\/\/www.bertplantagie.com\/de\/wp-json\/wp\/v2\/pages\/21308","targetHints":{"allow":["GET"]}}],"collection":[{"href":"https:\/\/www.bertplantagie.com\/de\/wp-json\/wp\/v2\/pages"}],"about":[{"href":"https:\/\/www.bertplantagie.com\/de\/wp-json\/wp\/v2\/types\/page"}],"author":[{"embeddable":true,"href":"https:\/\/www.bertplantagie.com\/de\/wp-json\/wp\/v2\/users\/6228"}],"replies":[{"embeddable":true,"href":"https:\/\/www.bertplantagie.com\/de\/wp-json\/wp\/v2\/comments?post=21308"}],"version-history":[{"count":2,"href":"https:\/\/www.bertplantagie.com\/de\/wp-json\/wp\/v2\/pages\/21308\/revisions"}],"predecessor-version":[{"id":53350,"href":"https:\/\/www.bertplantagie.com\/de\/wp-json\/wp\/v2\/pages\/21308\/revisions\/53350"}],"wp:attachment":[{"href":"https:\/\/www.bertplantagie.com\/de\/wp-json\/wp\/v2\/media?parent=21308"}],"curies":[{"name":"wp","href":"https:\/\/api.w.org\/{rel}","templated":true}]}}