{"id":19059,"date":"2017-06-22T09:49:33","date_gmt":"2017-06-22T07:49:33","guid":{"rendered":"http:\/\/bertplantagie.com\/?page_id=19059\/"},"modified":"2023-05-01T16:16:10","modified_gmt":"2023-05-01T14:16:10","slug":"haendler","status":"publish","type":"page","link":"https:\/\/www.bertplantagie.com\/de\/haendler\/","title":{"rendered":"H\u00e4ndler"},"content":{"rendered":"<p>[vc_row][vc_column][vc_custom_heading text=&#8220;Finden Sie Ihren H\u00e4ndler&#8220; font_container=&#8220;tag:h2|font_size:24px|text_align:left|color:%231c353c&#8220; google_fonts=&#8220;font_family:Roboto%3A100%2C100italic%2C300%2C300italic%2Cregular%2Citalic%2C500%2C500italic%2C700%2C700italic%2C900%2C900italic|font_style:700%20bold%20regular%3A700%3Anormal&#8220; el_class=&#8220;title&#8220;][vc_column_text css=&#8220;.vc_custom_1499870401206{margin-top: 20px !important;margin-bottom: 20px !important;}&#8220;]W\u00e4hlen Sie Ihr Land und Ihre Postleitzahl um einen H\u00e4ndler in Ihrer N\u00e4he zu finden. Sie k\u00f6nnen Ihre Suche gegebenenfalls auch auf H\u00e4ndler im Umkreis von 20 bis 100km begrenzen.[\/vc_column_text][vc_empty_space height=&#8220;60px&#8220;][\/vc_column][\/vc_row]<\/p>\n","protected":false},"excerpt":{"rendered":"<p>[vc_row][vc_column][vc_custom_heading text=&#8220;Finden Sie Ihren H\u00e4ndler&#8220; font_container=&#8220;tag:h2|font_size:24px|text_align:left|color:%231c353c&#8220; google_fonts=&#8220;font_family:Roboto%3A100%2C100italic%2C300%2C300italic%2Cregular%2Citalic%2C500%2C500italic%2C700%2C700italic%2C900%2C900italic|font_style:700%20bold%20regular%3A700%3Anormal&#8220; el_class=&#8220;title&#8220;][vc_column_text css=&#8220;.vc_custom_1499870401206{margin-top: 20px !important;margin-bottom: 20px !important;}&#8220;]W\u00e4hlen Sie Ihr Land und Ihre Postleitzahl um einen H\u00e4ndler in Ihrer N\u00e4he zu finden. Sie k\u00f6nnen Ihre Suche gegebenenfalls auch auf H\u00e4ndler im Umkreis von 20 bis 100km begrenzen.[\/vc_column_text][vc_empty_space height=&#8220;60px&#8220;][\/vc_column][\/vc_row]<\/p>\n","protected":false},"author":6228,"featured_media":0,"parent":0,"menu_order":0,"comment_status":"closed","ping_status":"closed","template":"templates\/dealer-locator.php","meta":{"_acf_changed":false,"footnotes":""},"class_list":["post-19059","page","type-page","status-publish","hentry"],"acf":[],"_links":{"self":[{"href":"https:\/\/www.bertplantagie.com\/de\/wp-json\/wp\/v2\/pages\/19059","targetHints":{"allow":["GET"]}}],"collection":[{"href":"https:\/\/www.bertplantagie.com\/de\/wp-json\/wp\/v2\/pages"}],"about":[{"href":"https:\/\/www.bertplantagie.com\/de\/wp-json\/wp\/v2\/types\/page"}],"author":[{"embeddable":true,"href":"https:\/\/www.bertplantagie.com\/de\/wp-json\/wp\/v2\/users\/6228"}],"replies":[{"embeddable":true,"href":"https:\/\/www.bertplantagie.com\/de\/wp-json\/wp\/v2\/comments?post=19059"}],"version-history":[{"count":2,"href":"https:\/\/www.bertplantagie.com\/de\/wp-json\/wp\/v2\/pages\/19059\/revisions"}],"predecessor-version":[{"id":25935,"href":"https:\/\/www.bertplantagie.com\/de\/wp-json\/wp\/v2\/pages\/19059\/revisions\/25935"}],"wp:attachment":[{"href":"https:\/\/www.bertplantagie.com\/de\/wp-json\/wp\/v2\/media?parent=19059"}],"curies":[{"name":"wp","href":"https:\/\/api.w.org\/{rel}","templated":true}]}}