{"id":19030,"date":"2017-04-13T09:14:11","date_gmt":"2017-04-13T07:14:11","guid":{"rendered":"http:\/\/bertplantagie.com\/materials-and-maintenance\/"},"modified":"2023-05-01T16:15:49","modified_gmt":"2023-05-01T14:15:49","slug":"materialien","status":"publish","type":"page","link":"https:\/\/www.bertplantagie.com\/de\/materialien\/","title":{"rendered":"Materialien"},"content":{"rendered":"<p>[vc_row][vc_column width=&#8220;1\/2&#8243;][vc_custom_heading text=&#8220;Materialien&#8220; font_container=&#8220;tag:h2|font_size:26px|text_align:left|color:%231c353c&#8220; google_fonts=&#8220;font_family:Roboto%3A100%2C100italic%2C300%2C300italic%2Cregular%2Citalic%2C500%2C500italic%2C700%2C700italic%2C900%2C900italic|font_style:700%20bold%20regular%3A700%3Anormal&#8220; el_class=&#8220;title&#8220; css=&#8220;.vc_custom_1647349293097{margin-bottom: 20px !important;}&#8220;][vc_column_text]<strong>Alle M\u00f6bel von bert plantagie werden in Handarbeit aus nat\u00fcrlichen und hochwertigen Materialien hergestellt. Alle unsere Materialien sind optimal aufeinander abgestimmt und lassen sich bei verschiedenen Modellen perfekt kombinieren.<\/strong><\/p>\n<p>F\u00fcr Muster aller Materialtypen und eine umfassende Beratung \u00fcber Materialanwendung und Farbkombinationen besuchen Sie bitte einen der ausgew\u00e4hlten bert plantagie H\u00e4ndler.[\/vc_column_text][\/vc_column][vc_column width=&#8220;5\/12&#8243; offset=&#8220;vc_col-sm-offset-1&#8243; el_class=&#8220;call-to-action-block&#8220;][vc_custom_heading text=&#8220;Servicegesch\u00e4ft&#8220; font_container=&#8220;tag:h2|font_size:24px|text_align:left|color:%231c353c&#8220; google_fonts=&#8220;font_family:Roboto%3A100%2C100italic%2C300%2C300italic%2Cregular%2Citalic%2C500%2C500italic%2C700%2C700italic%2C900%2C900italic|font_style:700%20bold%20regular%3A700%3Anormal&#8220; el_class=&#8220;title&#8220;][vc_column_text css=&#8220;.vc_custom_1647350009458{margin-top: 20px !important;margin-bottom: 20px !important;}&#8220;]Der offizielle Service-Shop von bert plantagie bietet Wartungsprodukte, Verschl\u00fcsse und Ersatzteile. Zuverl\u00e4ssig, vollst\u00e4ndig und innerhalb einer Woche zu Ihnen nach Hause geliefert.[\/vc_column_text][vc_btn title=&#8220;zu <strong>service shop<\/strong>&#8220; el_class=&#8220;button blue&#8220; link=&#8220;url:%2F%2Fshop.bertplantagie.com%2F|&#8220;][\/vc_column][\/vc_row][vc_row][vc_column][vc_empty_space height=&#8220;100px&#8220;][\/vc_column][\/vc_row]<\/p>\n","protected":false},"excerpt":{"rendered":"<p>[vc_row][vc_column width=&#8220;1\/2&#8243;][vc_custom_heading text=&#8220;Materialien&#8220; font_container=&#8220;tag:h2|font_size:26px|text_align:left|color:%231c353c&#8220; google_fonts=&#8220;font_family:Roboto%3A100%2C100italic%2C300%2C300italic%2Cregular%2Citalic%2C500%2C500italic%2C700%2C700italic%2C900%2C900italic|font_style:700%20bold%20regular%3A700%3Anormal&#8220; el_class=&#8220;title&#8220; css=&#8220;.vc_custom_1647349293097{margin-bottom: 20px !important;}&#8220;][vc_column_text]Alle M\u00f6bel von bert plantagie werden in Handarbeit aus nat\u00fcrlichen und hochwertigen Materialien hergestellt. Alle unsere Materialien sind optimal aufeinander abgestimmt und lassen sich bei verschiedenen Modellen perfekt kombinieren. F\u00fcr Muster aller Materialtypen und eine umfassende Beratung \u00fcber Materialanwendung und Farbkombinationen besuchen Sie bitte einen der ausgew\u00e4hlten bert plantagie H\u00e4ndler.[\/vc_column_text][\/vc_column][vc_column width=&#8220;5\/12&#8243; offset=&#8220;vc_col-sm-offset-1&#8243; el_class=&#8220;call-to-action-block&#8220;][vc_custom_heading text=&#8220;Servicegesch\u00e4ft&#8220; font_container=&#8220;tag:h2|font_size:24px|text_align:left|color:%231c353c&#8220; google_fonts=&#8220;font_family:Roboto%3A100%2C100italic%2C300%2C300italic%2Cregular%2Citalic%2C500%2C500italic%2C700%2C700italic%2C900%2C900italic|font_style:700%20bold%20regular%3A700%3Anormal&#8220; el_class=&#8220;title&#8220;][vc_column_text css=&#8220;.vc_custom_1647350009458{margin-top: 20px !important;margin-bottom: 20px !important;}&#8220;]Der offizielle Service-Shop von bert plantagie bietet Wartungsprodukte, Verschl\u00fcsse und Ersatzteile. Zuverl\u00e4ssig, vollst\u00e4ndig und innerhalb einer Woche zu Ihnen nach Hause geliefert.[\/vc_column_text][vc_btn title=&#8220;zu service shop&#8220; el_class=&#8220;button blue&#8220; link=&#8220;url:%2F%2Fshop.bertplantagie.com%2F|&#8220;][\/vc_column][\/vc_row][vc_row][vc_column][vc_empty_space height=&#8220;100px&#8220;][\/vc_column][\/vc_row]<\/p>\n","protected":false},"author":6228,"featured_media":0,"parent":0,"menu_order":0,"comment_status":"closed","ping_status":"closed","template":"templates\/materials.php","meta":{"_acf_changed":false,"footnotes":""},"class_list":["post-19030","page","type-page","status-publish","hentry"],"acf":[],"_links":{"self":[{"href":"https:\/\/www.bertplantagie.com\/de\/wp-json\/wp\/v2\/pages\/19030","targetHints":{"allow":["GET"]}}],"collection":[{"href":"https:\/\/www.bertplantagie.com\/de\/wp-json\/wp\/v2\/pages"}],"about":[{"href":"https:\/\/www.bertplantagie.com\/de\/wp-json\/wp\/v2\/types\/page"}],"author":[{"embeddable":true,"href":"https:\/\/www.bertplantagie.com\/de\/wp-json\/wp\/v2\/users\/6228"}],"replies":[{"embeddable":true,"href":"https:\/\/www.bertplantagie.com\/de\/wp-json\/wp\/v2\/comments?post=19030"}],"version-history":[{"count":2,"href":"https:\/\/www.bertplantagie.com\/de\/wp-json\/wp\/v2\/pages\/19030\/revisions"}],"predecessor-version":[{"id":53356,"href":"https:\/\/www.bertplantagie.com\/de\/wp-json\/wp\/v2\/pages\/19030\/revisions\/53356"}],"wp:attachment":[{"href":"https:\/\/www.bertplantagie.com\/de\/wp-json\/wp\/v2\/media?parent=19030"}],"curies":[{"name":"wp","href":"https:\/\/api.w.org\/{rel}","templated":true}]}}